{"id":18670,"date":"2025-11-12T06:31:08","date_gmt":"2025-11-12T06:31:08","guid":{"rendered":"https:\/\/www.gastac.com\/?post_type=product&#038;p=18670"},"modified":"2025-11-12T06:31:09","modified_gmt":"2025-11-12T06:31:09","slug":"gasdruckfeder-fuer-deckel-aus-holz-selbstoeffnend","status":"publish","type":"product","link":"https:\/\/www.gastac.com\/de\/produkt\/gasdruckfeder-fuer-deckel-aus-holz-selbstoeffnend\/","title":{"rendered":"Gasdruckfeder f\u00fcr Deckel Aus Holz Selbst\u00f6ffnend"},"content":{"rendered":"<h2>Gasdruckfeder f\u00fcr Deckel Aus Holz Selbst\u00f6ffnend<\/h2>\n<p>Die selbst\u00f6ffnende Gasdruckfeder f\u00fcr Holzdeckel erm\u00f6glicht ein m\u00fcheloses \u00d6ffnen und Halten. Ideal f\u00fcr Truhen, Sitzb\u00e4nke oder Aufbewahrungsboxen. Sie sorgt f\u00fcr sanften, kontrollierten Hub und sicheres Schlie\u00dfen. Einfach zu montieren, langlebig und zuverl\u00e4ssig \u2013 die perfekte L\u00f6sung f\u00fcr mehr Komfort und Sicherheit bei Holzdeckeln.<\/p>\n<p>&nbsp;<\/p>\n<h2>Was ist gasdruckfeder f\u00fcr deckel aus holz selbst\u00f6ffnend?<\/h2>\n<div>\n<div>Die gasdruckfeder f\u00fcr deckel aus holz selbst\u00f6ffnend \u2013 manchmal auch gasdruckfeder deckel oder klappe gasdruckfeder genannt \u2013 sind grunds\u00e4tzlich Energiespeicher.Sie werden zur Regulierung der Bewegung eingesetzt. Wenn man den Deckel schlie\u00dft, wird die Energie mit Hilfe des Gases in der Feder gespeichert. Wenn der Deckel ge\u00f6ffnet wird, wird diese Energie genutzt. So einfach ist das Prinzip.<\/div>\n<\/div>\n<div><\/div>\n<p>&nbsp;<\/p>\n<h2>Wie funktioniert die Gasdruckfeder f\u00fcr Deckel aus Holz?<\/h2>\n<p>Eine Gasdruckfeder f\u00fcr Holzdeckel funktioniert durch ein geschlossenes System aus Stickstoffgas und \u00d6l. Beim Schlie\u00dfen des Deckels wird das Gas im Zylinder komprimiert, wodurch ein Gegendruck entsteht. Beim \u00d6ffnen unterst\u00fctzt der Gasdruck das Anheben des Deckels sanft und gleichm\u00e4\u00dfig, ohne gro\u00dfen Kraftaufwand.<\/p>\n<p>&nbsp;<\/p>\n<h2>So W\u00e4hlen Sie die Richtige Gasdruckfeder<\/h2>\n<div>Es ist wichtig, die richtige Gasdruckfeder zu w\u00e4hlen, sowohl in Bezug auf Gr\u00f6\u00dfe und Druck.Allerdings ist die Berechnung falsch und der Druck reicht nicht aus, um den Deckel zu \u00f6ffnen oder ist zu stark und der Deckel springt auf. Das kann schnell gef\u00e4hrlich werden.Um die richtige Gasklappe gasdruckfeder f\u00fcr Ihr Projekt auszuw\u00e4hlen, m\u00fcssen Sie den \u00d6ffnungswinkel, das Gewicht und die L\u00e4nge des Deckels berechnen und wo die Feder platziert werden soll.<\/div>\n<div><\/div>\n<p>&nbsp;<\/p>\n<h2>So messen Sie die Gr\u00f6\u00dfe einer Gasdruckfeder f\u00fcr Deckel?<\/h2>\n<p>Um die Gr\u00f6\u00dfe einer Gasdruckfeder f\u00fcr einen Deckel zu messen, bestimmen Sie zun\u00e4chst die ausgefahrene L\u00e4nge (von Mitte zu Mitte der Befestigungspunkte). Danach messen Sie den Hub, also den Abstand, den die Stange ausf\u00e4hrt. Zus\u00e4tzlich ist die St\u00e4rke in Newton (N) entscheidend, die meist auf der Feder aufgedruckt ist (<strong><a href=\"https:\/\/gastac-com-591077.hostingersite.com\/category\/solution\/gas-strut-calculator\/\">Berechnen Sie die Gasdruckfeder f\u00fcr Deckel<\/a><\/strong>).<br \/>\n<img decoding=\"async\" class=\"lazyload aligncenter\" src=\"data:image\/gif;base64,R0lGODlhAQABAAAAACH5BAEKAAEALAAAAAABAAEAAAICTAEAOw==\" data-orig-src=\"https:\/\/gastac.com\/wp-content\/uploads\/2023\/06\/Gasdruckfeder-Dachbox-4.jpg\" alt=\"Gasdruckfeder f\u00fcr Deckel Aus Holz Selbst\u00f6ffnend\" \/><\/p>\n<h2>Gasdruckfeder f\u00fcr Deckel Gr\u00f6\u00dfentabelle<\/h2>\n<div>\n<p>GASTAC ist Spezialist f\u00fcr leistungsstarke Gasdruckfedern. Basierend auf Klappenh\u00f6he und Klappengewicht wurde eine pr\u00e4zise Krafttabelle zur Auswahl der passenden Gasdruckfeder f\u00fcr Deckel entwickelt. Diese erleichtert die korrekte Dimensionierung. Bei Fragen oder wenn Sie die Tabelle nicht finden, schreiben Sie an\u00a0<strong data-start=\"314\" data-end=\"334\" data-immersive-translate-walked=\"93b7c1b6-0141-4152-a616-87876edfacdf\"><a class=\"cursor-pointer\" rel=\"noopener\" data-start=\"316\" data-end=\"332\" data-is-only-node=\"\" data-immersive-translate-walked=\"93b7c1b6-0141-4152-a616-87876edfacdf\">sales@gastac-com-591077.hostingersite.com<\/a><\/strong>.<br \/>\n<img decoding=\"async\" class=\"lazyload aligncenter\" src=\"data:image\/svg+xml,%3Csvg%20xmlns%3D%27http%3A%2F%2Fwww.w3.org%2F2000%2Fsvg%27%20width%3D%27970%27%20height%3D%27227%27%20viewBox%3D%270%200%20970%20227%27%3E%3Crect%20width%3D%27970%27%20height%3D%27227%27%20fill-opacity%3D%220%22%2F%3E%3C%2Fsvg%3E\" data-orig-src=\"https:\/\/www.gastac.com\/wp-content\/uploads\/2023\/06\/Gasdruckfeder-fur-Deckel-Aus-Holz-Selbstoffnend-1400x327.png\" alt=\"Gasdruckfeder f\u00fcr Deckel Aus Holz Selbst\u00f6ffnend\" width=\"970\" height=\"227\" \/><\/p>\n<h2>Unsere ma\u00dfgeschneiderte klappe gasdruckfeder<\/h2>\n<div>Sie k\u00f6nnen Gasfedern mit Standardluftdruck bestellen. Das bedeutet, dass Sie alle beteiligten Kr\u00e4fte und die Position der Gasdruckfeder sorgf\u00e4ltig berechnen m\u00fcssen, um sicherzustellen, dass sie Ihren Anforderungen entspricht. Alternativ kann die klappe gasdruckfeder auch durch Ablassen des Gases nach dem Einbau eingestellt werden, was allerdings Zeit und Geschick erfordert. Und wenn Sie zu viel Gas ablassen, ist die Gasdruckfeder unbrauchbar.<\/div>\n<\/div>\n<div>\n<h2>Gasdruckfede Anwendung<\/h2>\n<p><img decoding=\"async\" class=\"lazyload \" src=\"data:image\/svg+xml,%3Csvg%20xmlns%3D%27http%3A%2F%2Fwww.w3.org%2F2000%2Fsvg%27%20width%3D%27340%27%20height%3D%27338%27%20viewBox%3D%270%200%20340%20338%27%3E%3Crect%20width%3D%27340%27%20height%3D%27338%27%20fill-opacity%3D%220%22%2F%3E%3C%2Fsvg%3E\" data-orig-src=\"https:\/\/www.gastac-com-591077.hostingersite.com\/wp-content\/uploads\/2023\/06\/gasdruckfeder-deckel-402x400.png\" alt=\"Gasdruckfeder f\u00fcr Deckel Aus Holz Selbst\u00f6ffnend\" width=\"340\" height=\"338\" \/><img decoding=\"async\" class=\"lazyload \" src=\"data:image\/svg+xml,%3Csvg%20xmlns%3D%27http%3A%2F%2Fwww.w3.org%2F2000%2Fsvg%27%20width%3D%27443%27%20height%3D%27333%27%20viewBox%3D%270%200%20443%20333%27%3E%3Crect%20width%3D%27443%27%20height%3D%27333%27%20fill-opacity%3D%220%22%2F%3E%3C%2Fsvg%3E\" data-orig-src=\"https:\/\/www.gastac-com-591077.hostingersite.com\/wp-content\/uploads\/2023\/06\/klappe-gasdruckfeder-533x400.jpg\" alt=\"Gasdruckfeder f\u00fcr Deckel Aus Holz Selbst\u00f6ffnend\" width=\"443\" height=\"333\" \/><\/p>\n<div><\/div>\n<\/div>\n","protected":false},"excerpt":{"rendered":"<p>Gasdruckfeder f\u00fcr Deckel Aus Holz Selbst\u00f6ffnend Die selbst\u00f6ffnende Gasdruckfeder f\u00fcr Holzdeckel erm\u00f6glicht ein m\u00fcheloses \u00d6ffnen und Halten. Ideal f\u00fcr Truhen,  [&#8230;]<\/p>\n","protected":false},"featured_media":18696,"comment_status":"open","ping_status":"closed","template":"","meta":[],"product_brand":[],"product_cat":[109],"product_tag":[],"class_list":{"0":"post-18670","1":"product","2":"type-product","3":"status-publish","4":"has-post-thumbnail","6":"product_cat-nicht-kategorisiert","8":"first","9":"instock","10":"shipping-taxable","11":"product-type-simple"},"yoast_head":"<!-- This site is optimized with the Yoast SEO Premium plugin v26.2 (Yoast SEO v27.3) - https:\/\/yoast.com\/product\/yoast-seo-premium-wordpress\/ -->\n<title>Gasdruckfeder f\u00fcr Deckel Aus Holz Selbst\u00f6ffnend | Gastac Gas Spring<\/title>\n<meta name=\"robots\" content=\"index, follow, max-snippet:-1, max-image-preview:large, max-video-preview:-1\" \/>\n<link rel=\"canonical\" href=\"https:\/\/www.gastac.com\/de\/produkt\/gasdruckfeder-fuer-deckel-aus-holz-selbstoeffnend\/\" \/>\n<meta property=\"og:locale\" content=\"de_DE\" \/>\n<meta property=\"og:type\" content=\"article\" \/>\n<meta property=\"og:title\" content=\"Gasdruckfeder f\u00fcr Deckel Aus Holz Selbst\u00f6ffnend\" \/>\n<meta property=\"og:description\" content=\"Gasdruckfeder f\u00fcr Deckel Aus Holz Selbst\u00f6ffnend Die selbst\u00f6ffnende Gasdruckfeder f\u00fcr Holzdeckel erm\u00f6glicht ein m\u00fcheloses \u00d6ffnen und Halten. Ideal f\u00fcr Truhen, [...]\" \/>\n<meta property=\"og:url\" content=\"https:\/\/www.gastac.com\/de\/produkt\/gasdruckfeder-fuer-deckel-aus-holz-selbstoeffnend\/\" \/>\n<meta property=\"og:site_name\" content=\"Gastac Gas Spring\" \/>\n<meta property=\"article:publisher\" content=\"https:\/\/www.facebook.com\/profile.php?id=100092358464608\" \/>\n<meta property=\"article:modified_time\" content=\"2025-11-12T06:31:09+00:00\" \/>\n<meta property=\"og:image\" content=\"https:\/\/www.gastac.com\/wp-content\/uploads\/2025\/11\/klappe-gasdruckfeder-1-600x589-2.webp\" \/>\n\t<meta property=\"og:image:width\" content=\"600\" \/>\n\t<meta property=\"og:image:height\" content=\"589\" \/>\n\t<meta property=\"og:image:type\" content=\"image\/webp\" \/>\n<meta name=\"twitter:card\" content=\"summary_large_image\" \/>\n<meta name=\"twitter:label1\" content=\"Gesch\u00e4tzte Lesezeit\" \/>\n\t<meta name=\"twitter:data1\" content=\"1\u00a0Minute\" \/>\n<script type=\"application\/ld+json\" class=\"yoast-schema-graph\">{\"@context\":\"https:\\\/\\\/schema.org\",\"@graph\":[{\"@type\":\"WebPage\",\"@id\":\"https:\\\/\\\/www.gastac.com\\\/de\\\/produkt\\\/gasdruckfeder-fuer-deckel-aus-holz-selbstoeffnend\\\/\",\"url\":\"https:\\\/\\\/www.gastac.com\\\/de\\\/produkt\\\/gasdruckfeder-fuer-deckel-aus-holz-selbstoeffnend\\\/\",\"name\":\"Gasdruckfeder f\u00fcr Deckel Aus Holz Selbst\u00f6ffnend | Gastac Gas Spring\",\"isPartOf\":{\"@id\":\"https:\\\/\\\/www.gastac.com\\\/de\\\/#website\"},\"primaryImageOfPage\":{\"@id\":\"https:\\\/\\\/www.gastac.com\\\/de\\\/produkt\\\/gasdruckfeder-fuer-deckel-aus-holz-selbstoeffnend\\\/#primaryimage\"},\"image\":{\"@id\":\"https:\\\/\\\/www.gastac.com\\\/de\\\/produkt\\\/gasdruckfeder-fuer-deckel-aus-holz-selbstoeffnend\\\/#primaryimage\"},\"thumbnailUrl\":\"https:\\\/\\\/www.gastac.com\\\/wp-content\\\/uploads\\\/2025\\\/11\\\/klappe-gasdruckfeder-1-600x589-2.webp\",\"datePublished\":\"2025-11-12T06:31:08+00:00\",\"dateModified\":\"2025-11-12T06:31:09+00:00\",\"breadcrumb\":{\"@id\":\"https:\\\/\\\/www.gastac.com\\\/de\\\/produkt\\\/gasdruckfeder-fuer-deckel-aus-holz-selbstoeffnend\\\/#breadcrumb\"},\"inLanguage\":\"de\",\"potentialAction\":[{\"@type\":\"ReadAction\",\"target\":[\"https:\\\/\\\/www.gastac.com\\\/de\\\/produkt\\\/gasdruckfeder-fuer-deckel-aus-holz-selbstoeffnend\\\/\"]}]},{\"@type\":\"ImageObject\",\"inLanguage\":\"de\",\"@id\":\"https:\\\/\\\/www.gastac.com\\\/de\\\/produkt\\\/gasdruckfeder-fuer-deckel-aus-holz-selbstoeffnend\\\/#primaryimage\",\"url\":\"https:\\\/\\\/www.gastac.com\\\/wp-content\\\/uploads\\\/2025\\\/11\\\/klappe-gasdruckfeder-1-600x589-2.webp\",\"contentUrl\":\"https:\\\/\\\/www.gastac.com\\\/wp-content\\\/uploads\\\/2025\\\/11\\\/klappe-gasdruckfeder-1-600x589-2.webp\",\"width\":600,\"height\":589,\"caption\":\"klappe gasdruckfeder 1 600x589\"},{\"@type\":\"BreadcrumbList\",\"@id\":\"https:\\\/\\\/www.gastac.com\\\/de\\\/produkt\\\/gasdruckfeder-fuer-deckel-aus-holz-selbstoeffnend\\\/#breadcrumb\",\"itemListElement\":[{\"@type\":\"ListItem\",\"position\":1,\"name\":\"Home\",\"item\":\"https:\\\/\\\/www.gastac.com\\\/de\\\/\"},{\"@type\":\"ListItem\",\"position\":2,\"name\":\"products\",\"item\":\"https:\\\/\\\/www.gastac.com\\\/de\\\/products\\\/\"},{\"@type\":\"ListItem\",\"position\":3,\"name\":\"Nicht kategorisiert\",\"item\":\"https:\\\/\\\/www.gastac.com\\\/de\\\/product-category\\\/nicht-kategorisiert\\\/\"},{\"@type\":\"ListItem\",\"position\":4,\"name\":\"Gasdruckfeder f\u00fcr Deckel Aus Holz Selbst\u00f6ffnend\"}]},{\"@type\":\"WebSite\",\"@id\":\"https:\\\/\\\/www.gastac.com\\\/de\\\/#website\",\"url\":\"https:\\\/\\\/www.gastac.com\\\/de\\\/\",\"name\":\"Gastac Gas Spring\",\"description\":\"China\u2019s Leading Gas Springs &amp; Struts Manufacturer\",\"publisher\":{\"@id\":\"https:\\\/\\\/www.gastac.com\\\/de\\\/#organization\"},\"potentialAction\":[{\"@type\":\"SearchAction\",\"target\":{\"@type\":\"EntryPoint\",\"urlTemplate\":\"https:\\\/\\\/www.gastac.com\\\/de\\\/?s={search_term_string}\"},\"query-input\":{\"@type\":\"PropertyValueSpecification\",\"valueRequired\":true,\"valueName\":\"search_term_string\"}}],\"inLanguage\":\"de\"},{\"@type\":\"Organization\",\"@id\":\"https:\\\/\\\/www.gastac.com\\\/de\\\/#organization\",\"name\":\"Ningbo Gastac Gas Spring Co.,Ltd\",\"url\":\"https:\\\/\\\/www.gastac.com\\\/de\\\/\",\"logo\":{\"@type\":\"ImageObject\",\"inLanguage\":\"de\",\"@id\":\"https:\\\/\\\/www.gastac.com\\\/de\\\/#\\\/schema\\\/logo\\\/image\\\/\",\"url\":\"https:\\\/\\\/www.gastac.com\\\/wp-content\\\/uploads\\\/2025\\\/09\\\/LOGO\u672c\u8272-\u9ed1.webp\",\"contentUrl\":\"https:\\\/\\\/www.gastac.com\\\/wp-content\\\/uploads\\\/2025\\\/09\\\/LOGO\u672c\u8272-\u9ed1.webp\",\"width\":1920,\"height\":1080,\"caption\":\"Ningbo Gastac Gas Spring Co.,Ltd\"},\"image\":{\"@id\":\"https:\\\/\\\/www.gastac.com\\\/de\\\/#\\\/schema\\\/logo\\\/image\\\/\"},\"sameAs\":[\"https:\\\/\\\/www.facebook.com\\\/profile.php?id=100092358464608\",\"https:\\\/\\\/www.youtube.com\\\/@Gastac-Gas-Spring\",\"https:\\\/\\\/www.linkedin.com\\\/in\\\/gastac-gas-spring\\\/\",\"https:\\\/\\\/www.instagram.com\\\/gastacgasspring\\\/\"]}]}<\/script>\n<!-- \/ Yoast SEO Premium plugin. -->","yoast_head_json":{"title":"Gasdruckfeder f\u00fcr Deckel Aus Holz Selbst\u00f6ffnend | Gastac Gas Spring","robots":{"index":"index","follow":"follow","max-snippet":"max-snippet:-1","max-image-preview":"max-image-preview:large","max-video-preview":"max-video-preview:-1"},"canonical":"https:\/\/www.gastac.com\/de\/produkt\/gasdruckfeder-fuer-deckel-aus-holz-selbstoeffnend\/","og_locale":"de_DE","og_type":"article","og_title":"Gasdruckfeder f\u00fcr Deckel Aus Holz Selbst\u00f6ffnend","og_description":"Gasdruckfeder f\u00fcr Deckel Aus Holz Selbst\u00f6ffnend Die selbst\u00f6ffnende Gasdruckfeder f\u00fcr Holzdeckel erm\u00f6glicht ein m\u00fcheloses \u00d6ffnen und Halten. Ideal f\u00fcr Truhen, [...]","og_url":"https:\/\/www.gastac.com\/de\/produkt\/gasdruckfeder-fuer-deckel-aus-holz-selbstoeffnend\/","og_site_name":"Gastac Gas Spring","article_publisher":"https:\/\/www.facebook.com\/profile.php?id=100092358464608","article_modified_time":"2025-11-12T06:31:09+00:00","og_image":[{"width":600,"height":589,"url":"https:\/\/www.gastac.com\/wp-content\/uploads\/2025\/11\/klappe-gasdruckfeder-1-600x589-2.webp","type":"image\/webp"}],"twitter_card":"summary_large_image","twitter_misc":{"Gesch\u00e4tzte Lesezeit":"1\u00a0Minute"},"schema":{"@context":"https:\/\/schema.org","@graph":[{"@type":"WebPage","@id":"https:\/\/www.gastac.com\/de\/produkt\/gasdruckfeder-fuer-deckel-aus-holz-selbstoeffnend\/","url":"https:\/\/www.gastac.com\/de\/produkt\/gasdruckfeder-fuer-deckel-aus-holz-selbstoeffnend\/","name":"Gasdruckfeder f\u00fcr Deckel Aus Holz Selbst\u00f6ffnend | Gastac Gas Spring","isPartOf":{"@id":"https:\/\/www.gastac.com\/de\/#website"},"primaryImageOfPage":{"@id":"https:\/\/www.gastac.com\/de\/produkt\/gasdruckfeder-fuer-deckel-aus-holz-selbstoeffnend\/#primaryimage"},"image":{"@id":"https:\/\/www.gastac.com\/de\/produkt\/gasdruckfeder-fuer-deckel-aus-holz-selbstoeffnend\/#primaryimage"},"thumbnailUrl":"https:\/\/www.gastac.com\/wp-content\/uploads\/2025\/11\/klappe-gasdruckfeder-1-600x589-2.webp","datePublished":"2025-11-12T06:31:08+00:00","dateModified":"2025-11-12T06:31:09+00:00","breadcrumb":{"@id":"https:\/\/www.gastac.com\/de\/produkt\/gasdruckfeder-fuer-deckel-aus-holz-selbstoeffnend\/#breadcrumb"},"inLanguage":"de","potentialAction":[{"@type":"ReadAction","target":["https:\/\/www.gastac.com\/de\/produkt\/gasdruckfeder-fuer-deckel-aus-holz-selbstoeffnend\/"]}]},{"@type":"ImageObject","inLanguage":"de","@id":"https:\/\/www.gastac.com\/de\/produkt\/gasdruckfeder-fuer-deckel-aus-holz-selbstoeffnend\/#primaryimage","url":"https:\/\/www.gastac.com\/wp-content\/uploads\/2025\/11\/klappe-gasdruckfeder-1-600x589-2.webp","contentUrl":"https:\/\/www.gastac.com\/wp-content\/uploads\/2025\/11\/klappe-gasdruckfeder-1-600x589-2.webp","width":600,"height":589,"caption":"klappe gasdruckfeder 1 600x589"},{"@type":"BreadcrumbList","@id":"https:\/\/www.gastac.com\/de\/produkt\/gasdruckfeder-fuer-deckel-aus-holz-selbstoeffnend\/#breadcrumb","itemListElement":[{"@type":"ListItem","position":1,"name":"Home","item":"https:\/\/www.gastac.com\/de\/"},{"@type":"ListItem","position":2,"name":"products","item":"https:\/\/www.gastac.com\/de\/products\/"},{"@type":"ListItem","position":3,"name":"Nicht kategorisiert","item":"https:\/\/www.gastac.com\/de\/product-category\/nicht-kategorisiert\/"},{"@type":"ListItem","position":4,"name":"Gasdruckfeder f\u00fcr Deckel Aus Holz Selbst\u00f6ffnend"}]},{"@type":"WebSite","@id":"https:\/\/www.gastac.com\/de\/#website","url":"https:\/\/www.gastac.com\/de\/","name":"Gastac Gas Spring","description":"China\u2019s Leading Gas Springs &amp; Struts Manufacturer","publisher":{"@id":"https:\/\/www.gastac.com\/de\/#organization"},"potentialAction":[{"@type":"SearchAction","target":{"@type":"EntryPoint","urlTemplate":"https:\/\/www.gastac.com\/de\/?s={search_term_string}"},"query-input":{"@type":"PropertyValueSpecification","valueRequired":true,"valueName":"search_term_string"}}],"inLanguage":"de"},{"@type":"Organization","@id":"https:\/\/www.gastac.com\/de\/#organization","name":"Ningbo Gastac Gas Spring Co.,Ltd","url":"https:\/\/www.gastac.com\/de\/","logo":{"@type":"ImageObject","inLanguage":"de","@id":"https:\/\/www.gastac.com\/de\/#\/schema\/logo\/image\/","url":"https:\/\/www.gastac.com\/wp-content\/uploads\/2025\/09\/LOGO\u672c\u8272-\u9ed1.webp","contentUrl":"https:\/\/www.gastac.com\/wp-content\/uploads\/2025\/09\/LOGO\u672c\u8272-\u9ed1.webp","width":1920,"height":1080,"caption":"Ningbo Gastac Gas Spring Co.,Ltd"},"image":{"@id":"https:\/\/www.gastac.com\/de\/#\/schema\/logo\/image\/"},"sameAs":["https:\/\/www.facebook.com\/profile.php?id=100092358464608","https:\/\/www.youtube.com\/@Gastac-Gas-Spring","https:\/\/www.linkedin.com\/in\/gastac-gas-spring\/","https:\/\/www.instagram.com\/gastacgasspring\/"]}]}},"_links":{"self":[{"href":"https:\/\/www.gastac.com\/de\/wp-json\/wp\/v2\/product\/18670","targetHints":{"allow":["GET"]}}],"collection":[{"href":"https:\/\/www.gastac.com\/de\/wp-json\/wp\/v2\/product"}],"about":[{"href":"https:\/\/www.gastac.com\/de\/wp-json\/wp\/v2\/types\/product"}],"replies":[{"embeddable":true,"href":"https:\/\/www.gastac.com\/de\/wp-json\/wp\/v2\/comments?post=18670"}],"wp:featuredmedia":[{"embeddable":true,"href":"https:\/\/www.gastac.com\/de\/wp-json\/wp\/v2\/media\/18696"}],"wp:attachment":[{"href":"https:\/\/www.gastac.com\/de\/wp-json\/wp\/v2\/media?parent=18670"}],"wp:term":[{"taxonomy":"product_brand","embeddable":true,"href":"https:\/\/www.gastac.com\/de\/wp-json\/wp\/v2\/product_brand?post=18670"},{"taxonomy":"product_cat","embeddable":true,"href":"https:\/\/www.gastac.com\/de\/wp-json\/wp\/v2\/product_cat?post=18670"},{"taxonomy":"product_tag","embeddable":true,"href":"https:\/\/www.gastac.com\/de\/wp-json\/wp\/v2\/product_tag?post=18670"}],"curies":[{"name":"wp","href":"https:\/\/api.w.org\/{rel}","templated":true}]}}