{"id":18652,"date":"2025-11-12T06:16:08","date_gmt":"2025-11-12T06:16:08","guid":{"rendered":"https:\/\/www.gastac.com\/?post_type=product&#038;p=18652"},"modified":"2025-11-12T06:16:09","modified_gmt":"2025-11-12T06:16:09","slug":"gasdruckdaempfer-fuer-schwere-klappen","status":"publish","type":"product","link":"https:\/\/www.gastac.com\/de\/produkt\/gasdruckdaempfer-fuer-schwere-klappen\/","title":{"rendered":"Gasdruckd\u00e4mpfer f\u00fcr Schwere Klappen"},"content":{"rendered":"<h2>Gasdruckd\u00e4mpfer f\u00fcr Schwere Klappen<\/h2>\n<div>\n<p>Unser Standardsortiment an Gasfedern umfasst mehr als 2.000 Artikelnummern \u2013 dazu eine gro\u00dfe Anschlussvielfalt und unz\u00e4hlige Montagem\u00f6glichkeiten.Alle Gasdruckd\u00e4mpfer f\u00fcr schwere Klappen\u00a0auf dieser Seite sind vom Drucktyp und bieten Widerstand beim Einschieben der Kolbenstange in den Zylinder.<\/p>\n<p>Gasfedern k\u00f6nnen in einem breiten Anwendungsspektrum eingesetzt werden.F\u00fcr Privatpersonen kann gasdruckfeder gartenm\u00f6bel ersatzteil\u00a0in Wohnwagen, Pferdeanh\u00e4ngern, Schr\u00e4nken, Toren, Gasschr\u00e4nken, Heckklappen, T\u00fcren, Betten, Dachboxen usw. verwendet werden.<\/p>\n<h2>Sie wissen nicht, welche St\u00e4rke ben\u00f6tigt wird?<\/h2>\n<p>Die Gasfederoptionen reichen von 20 N bis 2500 N (2,03 kg \u2013 254,92 kg).Wir machen es Ihnen leicht, die richtigen Gasfedern mit einer L\u00e4nge zwischen 86,00 mm und 1066,00 mm zu finden. Nachdem Sie das Modell ausgew\u00e4hlt haben, k\u00f6nnen Sie die Filter verwenden, um Ihre Suche auf den von Ihnen ben\u00f6tigten Gr\u00f6\u00dfenbereich einzuschr\u00e4nken.<\/p>\n<\/div>\n<h2>Gasdruckfeder f\u00fcr schwere Klappen berechnen<\/h2>\n<p>Zur\u00a0<a href=\"https:\/\/gastac-com-591077.hostingersite.com\/category\/solution\/gas-strut-calculator\/\"><strong>Berechnung<\/strong>\u00a0<\/a>einer Gasdruckfeder f\u00fcr schwere Klappen werden das Gewicht, der Abstand zum Drehpunkt, der \u00d6ffnungswinkel und die gew\u00fcnschte Bedienkraft ber\u00fccksichtigt. Die Abmessungen der Gasfeder \u2013 also Hub und L\u00e4nge \u2013 richten sich nach der Einbausituation und dem gew\u00fcnschten \u00d6ffnungsweg. Der erforderliche Druck h\u00e4ngt davon ab, wie viel Kraft zum Halten und Bewegen der Klappe ben\u00f6tigt wird. Dabei wird meist nur ein Teil des Gewichts unterst\u00fctzt, um ein sanftes \u00d6ffnen und Schlie\u00dfen zu erm\u00f6glichen. Sicherheitsreserven und Montagewinkel flie\u00dfen ebenfalls in die Berechnung ein.<\/p>\n<h2>Vielseitig einsetzbar Gasdruckd\u00e4mpfer<\/h2>\n<p>Ob Dachbox, M\u00fcllbeh\u00e4lter, Druckt\u00fcr, Fenster, Vitrine, Schrankt\u00fcr, Heckklappe oder Bar \u2013 diese Gasfeder eignet sich f\u00fcr unterschiedlichste Einsatzbereiche. Besonders bei schweren und gro\u00dfen Klappen wie Eisentoren, Auffahrrampen oder Hebeelementen im Stra\u00dfenverkehr, Br\u00fcckenbau und auf Schiffen ist sie unverzichtbar. In der Industrie, im Transportwesen und auf Containerschiffen sorgt sie f\u00fcr m\u00fcheloses \u00d6ffnen und Schlie\u00dfen gro\u00dfer Lasten.<\/p>\n<h2>H\u00f6chste Leistung f\u00fcr H\u00f6chste Anspr\u00fcche<\/h2>\n<p>F\u00fcr hohe Belastungen ausgelegt, wird diese Gasfeder auch h\u00f6chsten Anforderungen problemlos gerecht. Durch die Verwendung langlebiger Materialien ist es au\u00dfergew\u00f6hnlich langlebig und wartungsfrei \u2013 perfekt f\u00fcr jahrelangen, problemlosen Einsatz. Auf dieser Seite stehen zwei Materialien zur Auswahl: schwarz lackierter Standardstahl und Edelstahl. Das schwarz lackierte Stahlmodell verf\u00fcgt \u00fcber keinen Rostschutz, die Kolbenstange ist jedoch nitriert, um einen gewissen Schutz in feuchten Umgebungen zu bieten. F\u00fcr den Einsatz in feuchten Umgebungen werden Modelle aus Edelstahl empfohlen. Au\u00dferdem ist eine Ausf\u00fchrung mit Schwei\u00df\u00f6sen und eine Ausf\u00fchrung mit Gewindeenden erh\u00e4ltlich. Die Gewindevariante erm\u00f6glicht die Anbringung spezifischer Endst\u00fccke und weiterer Zubeh\u00f6rteile nach Bedarf.<\/p>\n<h2>Kosteng\u00fcnstige Alternative mit Premiumqualit\u00e4t<\/h2>\n<p>Unsere Gasdruckfeder ist eine preiswerte, aber hochwertige Alternative zu Marken wie Kesseb\u00f6hmer Soft-Lift oder HSB Hochschwenkbeschl\u00e4gen. Sie erhalten die gleiche Qualit\u00e4t und Leistung \u2013 zu einem deutlich besseren Preis-Leistungs-Verh\u00e4ltnis.Geliefert wird 1x Gasdruckfeder \u201ePower\u201c in der Newton-St\u00e4rke Ihrer Wahl. Die Installation ist einfach, schnell erledigt und wartungsfrei \u2013 f\u00fcr eine sorgenfreie, langanhaltende Nutzung.<br \/>\n<img decoding=\"async\" class=\"lazyload \" src=\"data:image\/svg+xml,%3Csvg%20xmlns%3D%27http%3A%2F%2Fwww.w3.org%2F2000%2Fsvg%27%20width%3D%27300%27%20height%3D%27300%27%20viewBox%3D%270%200%20300%20300%27%3E%3Crect%20width%3D%27300%27%20height%3D%27300%27%20fill-opacity%3D%220%22%2F%3E%3C%2Fsvg%3E\" data-orig-src=\"https:\/\/www.gastac.com\/wp-content\/uploads\/2023\/06\/klappenbeschlag-gasdruckfeder-4-400x400.png\" alt=\"Gasdruckd\u00e4mpfer f\u00fcr Schwere Klappen\" width=\"300\" height=\"300\" \/><img decoding=\"async\" class=\"lazyload \" src=\"data:image\/svg+xml,%3Csvg%20xmlns%3D%27http%3A%2F%2Fwww.w3.org%2F2000%2Fsvg%27%20width%3D%27298%27%20height%3D%27298%27%20viewBox%3D%270%200%20298%20298%27%3E%3Crect%20width%3D%27298%27%20height%3D%27298%27%20fill-opacity%3D%220%22%2F%3E%3C%2Fsvg%3E\" data-orig-src=\"https:\/\/www.gastac.com\/wp-content\/uploads\/2023\/06\/klappenbeschlag-gasdruckfeder-3-400x400.png\" alt=\"Gasdruckd\u00e4mpfer f\u00fcr Schwere Klappen\" width=\"298\" height=\"298\" \/><\/p>\n<h2>Gasdruckfede Anwendung<\/h2>\n<p><img decoding=\"async\" class=\"lazyload \" src=\"data:image\/svg+xml,%3Csvg%20xmlns%3D%27http%3A%2F%2Fwww.w3.org%2F2000%2Fsvg%27%20width%3D%27300%27%20height%3D%27300%27%20viewBox%3D%270%200%20300%20300%27%3E%3Crect%20width%3D%27300%27%20height%3D%27300%27%20fill-opacity%3D%220%22%2F%3E%3C%2Fsvg%3E\" data-orig-src=\"https:\/\/www.gastac.com\/wp-content\/uploads\/2023\/06\/gasdruckfeder-tur-1.jpg\" alt=\"Gasdruckd\u00e4mpfer f\u00fcr Schwere Klappen\" width=\"300\" height=\"300\" \/><img class=\"lazyload\" decoding=\"async\" src=\"data:image\/gif;base64,R0lGODlhAQABAAAAACH5BAEKAAEALAAAAAABAAEAAAICTAEAOw==\" data-orig-src=\"https:\/\/www.gastac.com\/wp-content\/uploads\/2023\/06\/klappenbeschlag-gasdruckfeder-1-1.jpg\" alt=\"Gasdruckd\u00e4mpfer f\u00fcr Schwere Klappen\" \/><\/p>\n","protected":false},"excerpt":{"rendered":"<div class=\"product-short-description\">\n<p>Der GASTAC Gasdruckd\u00e4mpfer f\u00fcr schwere Klappen bietet starke Hubkraft, einfache Montage, wartungsfreien Betrieb und lange Lebensdauer. Mit Druckst\u00e4rken bis 2500\u202fN und Edelstahloption ist er ideal f\u00fcr industrielle und anspruchsvolle Anwendungen.<\/p>\n<\/div>\n","protected":false},"featured_media":18660,"comment_status":"open","ping_status":"closed","template":"","meta":[],"product_brand":[],"product_cat":[109],"product_tag":[],"class_list":{"0":"post-18652","1":"product","2":"type-product","3":"status-publish","4":"has-post-thumbnail","6":"product_cat-nicht-kategorisiert","8":"first","9":"instock","10":"shipping-taxable","11":"product-type-simple"},"yoast_head":"<!-- This site is optimized with the Yoast SEO Premium plugin v26.2 (Yoast SEO v27.3) - https:\/\/yoast.com\/product\/yoast-seo-premium-wordpress\/ -->\n<title>Gasdruckd\u00e4mpfer f\u00fcr Schwere Klappen | Gastac Gas Spring<\/title>\n<meta name=\"robots\" content=\"index, follow, max-snippet:-1, max-image-preview:large, max-video-preview:-1\" \/>\n<link rel=\"canonical\" href=\"https:\/\/www.gastac.com\/de\/produkt\/gasdruckdaempfer-fuer-schwere-klappen\/\" \/>\n<meta property=\"og:locale\" content=\"de_DE\" \/>\n<meta property=\"og:type\" content=\"article\" \/>\n<meta property=\"og:title\" content=\"Gasdruckd\u00e4mpfer f\u00fcr Schwere Klappen\" \/>\n<meta property=\"og:description\" content=\"Der GASTAC Gasdruckd\u00e4mpfer f\u00fcr schwere Klappen bietet starke Hubkraft, einfache Montage, wartungsfreien Betrieb und lange Lebensdauer. Mit Druckst\u00e4rken bis 2500\u202fN und Edelstahloption ist er ideal f\u00fcr industrielle und anspruchsvolle Anwendungen.\" \/>\n<meta property=\"og:url\" content=\"https:\/\/www.gastac.com\/de\/produkt\/gasdruckdaempfer-fuer-schwere-klappen\/\" \/>\n<meta property=\"og:site_name\" content=\"Gastac Gas Spring\" \/>\n<meta property=\"article:publisher\" content=\"https:\/\/www.facebook.com\/profile.php?id=100092358464608\" \/>\n<meta property=\"article:modified_time\" content=\"2025-11-12T06:16:09+00:00\" \/>\n<meta property=\"og:image\" content=\"https:\/\/www.gastac.com\/wp-content\/uploads\/2025\/11\/gasdruckdampfer-fur-schwere-klappen-2-600x600-1.webp\" \/>\n\t<meta property=\"og:image:width\" content=\"600\" \/>\n\t<meta property=\"og:image:height\" content=\"600\" \/>\n\t<meta property=\"og:image:type\" content=\"image\/webp\" \/>\n<meta name=\"twitter:card\" content=\"summary_large_image\" \/>\n<meta name=\"twitter:label1\" content=\"Gesch\u00e4tzte Lesezeit\" \/>\n\t<meta name=\"twitter:data1\" content=\"1\u00a0Minute\" \/>\n<script type=\"application\/ld+json\" class=\"yoast-schema-graph\">{\"@context\":\"https:\\\/\\\/schema.org\",\"@graph\":[{\"@type\":\"WebPage\",\"@id\":\"https:\\\/\\\/www.gastac.com\\\/de\\\/produkt\\\/gasdruckdaempfer-fuer-schwere-klappen\\\/\",\"url\":\"https:\\\/\\\/www.gastac.com\\\/de\\\/produkt\\\/gasdruckdaempfer-fuer-schwere-klappen\\\/\",\"name\":\"Gasdruckd\u00e4mpfer f\u00fcr Schwere Klappen | Gastac Gas Spring\",\"isPartOf\":{\"@id\":\"https:\\\/\\\/www.gastac.com\\\/de\\\/#website\"},\"primaryImageOfPage\":{\"@id\":\"https:\\\/\\\/www.gastac.com\\\/de\\\/produkt\\\/gasdruckdaempfer-fuer-schwere-klappen\\\/#primaryimage\"},\"image\":{\"@id\":\"https:\\\/\\\/www.gastac.com\\\/de\\\/produkt\\\/gasdruckdaempfer-fuer-schwere-klappen\\\/#primaryimage\"},\"thumbnailUrl\":\"https:\\\/\\\/www.gastac.com\\\/wp-content\\\/uploads\\\/2025\\\/11\\\/gasdruckdampfer-fur-schwere-klappen-2-600x600-1.webp\",\"datePublished\":\"2025-11-12T06:16:08+00:00\",\"dateModified\":\"2025-11-12T06:16:09+00:00\",\"breadcrumb\":{\"@id\":\"https:\\\/\\\/www.gastac.com\\\/de\\\/produkt\\\/gasdruckdaempfer-fuer-schwere-klappen\\\/#breadcrumb\"},\"inLanguage\":\"de\",\"potentialAction\":[{\"@type\":\"ReadAction\",\"target\":[\"https:\\\/\\\/www.gastac.com\\\/de\\\/produkt\\\/gasdruckdaempfer-fuer-schwere-klappen\\\/\"]}]},{\"@type\":\"ImageObject\",\"inLanguage\":\"de\",\"@id\":\"https:\\\/\\\/www.gastac.com\\\/de\\\/produkt\\\/gasdruckdaempfer-fuer-schwere-klappen\\\/#primaryimage\",\"url\":\"https:\\\/\\\/www.gastac.com\\\/wp-content\\\/uploads\\\/2025\\\/11\\\/gasdruckdampfer-fur-schwere-klappen-2-600x600-1.webp\",\"contentUrl\":\"https:\\\/\\\/www.gastac.com\\\/wp-content\\\/uploads\\\/2025\\\/11\\\/gasdruckdampfer-fur-schwere-klappen-2-600x600-1.webp\",\"width\":600,\"height\":600,\"caption\":\"gasdruckdampfer fur schwere klappen 2 600x600\"},{\"@type\":\"BreadcrumbList\",\"@id\":\"https:\\\/\\\/www.gastac.com\\\/de\\\/produkt\\\/gasdruckdaempfer-fuer-schwere-klappen\\\/#breadcrumb\",\"itemListElement\":[{\"@type\":\"ListItem\",\"position\":1,\"name\":\"Home\",\"item\":\"https:\\\/\\\/www.gastac.com\\\/de\\\/\"},{\"@type\":\"ListItem\",\"position\":2,\"name\":\"products\",\"item\":\"https:\\\/\\\/www.gastac.com\\\/de\\\/products\\\/\"},{\"@type\":\"ListItem\",\"position\":3,\"name\":\"Nicht kategorisiert\",\"item\":\"https:\\\/\\\/www.gastac.com\\\/de\\\/product-category\\\/nicht-kategorisiert\\\/\"},{\"@type\":\"ListItem\",\"position\":4,\"name\":\"Gasdruckd\u00e4mpfer f\u00fcr Schwere Klappen\"}]},{\"@type\":\"WebSite\",\"@id\":\"https:\\\/\\\/www.gastac.com\\\/de\\\/#website\",\"url\":\"https:\\\/\\\/www.gastac.com\\\/de\\\/\",\"name\":\"Gastac Gas Spring\",\"description\":\"China\u2019s Leading Gas Springs &amp; Struts Manufacturer\",\"publisher\":{\"@id\":\"https:\\\/\\\/www.gastac.com\\\/de\\\/#organization\"},\"potentialAction\":[{\"@type\":\"SearchAction\",\"target\":{\"@type\":\"EntryPoint\",\"urlTemplate\":\"https:\\\/\\\/www.gastac.com\\\/de\\\/?s={search_term_string}\"},\"query-input\":{\"@type\":\"PropertyValueSpecification\",\"valueRequired\":true,\"valueName\":\"search_term_string\"}}],\"inLanguage\":\"de\"},{\"@type\":\"Organization\",\"@id\":\"https:\\\/\\\/www.gastac.com\\\/de\\\/#organization\",\"name\":\"Ningbo Gastac Gas Spring Co.,Ltd\",\"url\":\"https:\\\/\\\/www.gastac.com\\\/de\\\/\",\"logo\":{\"@type\":\"ImageObject\",\"inLanguage\":\"de\",\"@id\":\"https:\\\/\\\/www.gastac.com\\\/de\\\/#\\\/schema\\\/logo\\\/image\\\/\",\"url\":\"https:\\\/\\\/www.gastac.com\\\/wp-content\\\/uploads\\\/2025\\\/09\\\/LOGO\u672c\u8272-\u9ed1.webp\",\"contentUrl\":\"https:\\\/\\\/www.gastac.com\\\/wp-content\\\/uploads\\\/2025\\\/09\\\/LOGO\u672c\u8272-\u9ed1.webp\",\"width\":1920,\"height\":1080,\"caption\":\"Ningbo Gastac Gas Spring Co.,Ltd\"},\"image\":{\"@id\":\"https:\\\/\\\/www.gastac.com\\\/de\\\/#\\\/schema\\\/logo\\\/image\\\/\"},\"sameAs\":[\"https:\\\/\\\/www.facebook.com\\\/profile.php?id=100092358464608\",\"https:\\\/\\\/www.youtube.com\\\/@Gastac-Gas-Spring\",\"https:\\\/\\\/www.linkedin.com\\\/in\\\/gastac-gas-spring\\\/\",\"https:\\\/\\\/www.instagram.com\\\/gastacgasspring\\\/\"]}]}<\/script>\n<!-- \/ Yoast SEO Premium plugin. -->","yoast_head_json":{"title":"Gasdruckd\u00e4mpfer f\u00fcr Schwere Klappen | Gastac Gas Spring","robots":{"index":"index","follow":"follow","max-snippet":"max-snippet:-1","max-image-preview":"max-image-preview:large","max-video-preview":"max-video-preview:-1"},"canonical":"https:\/\/www.gastac.com\/de\/produkt\/gasdruckdaempfer-fuer-schwere-klappen\/","og_locale":"de_DE","og_type":"article","og_title":"Gasdruckd\u00e4mpfer f\u00fcr Schwere Klappen","og_description":"Der GASTAC Gasdruckd\u00e4mpfer f\u00fcr schwere Klappen bietet starke Hubkraft, einfache Montage, wartungsfreien Betrieb und lange Lebensdauer. Mit Druckst\u00e4rken bis 2500\u202fN und Edelstahloption ist er ideal f\u00fcr industrielle und anspruchsvolle Anwendungen.","og_url":"https:\/\/www.gastac.com\/de\/produkt\/gasdruckdaempfer-fuer-schwere-klappen\/","og_site_name":"Gastac Gas Spring","article_publisher":"https:\/\/www.facebook.com\/profile.php?id=100092358464608","article_modified_time":"2025-11-12T06:16:09+00:00","og_image":[{"width":600,"height":600,"url":"https:\/\/www.gastac.com\/wp-content\/uploads\/2025\/11\/gasdruckdampfer-fur-schwere-klappen-2-600x600-1.webp","type":"image\/webp"}],"twitter_card":"summary_large_image","twitter_misc":{"Gesch\u00e4tzte Lesezeit":"1\u00a0Minute"},"schema":{"@context":"https:\/\/schema.org","@graph":[{"@type":"WebPage","@id":"https:\/\/www.gastac.com\/de\/produkt\/gasdruckdaempfer-fuer-schwere-klappen\/","url":"https:\/\/www.gastac.com\/de\/produkt\/gasdruckdaempfer-fuer-schwere-klappen\/","name":"Gasdruckd\u00e4mpfer f\u00fcr Schwere Klappen | Gastac Gas Spring","isPartOf":{"@id":"https:\/\/www.gastac.com\/de\/#website"},"primaryImageOfPage":{"@id":"https:\/\/www.gastac.com\/de\/produkt\/gasdruckdaempfer-fuer-schwere-klappen\/#primaryimage"},"image":{"@id":"https:\/\/www.gastac.com\/de\/produkt\/gasdruckdaempfer-fuer-schwere-klappen\/#primaryimage"},"thumbnailUrl":"https:\/\/www.gastac.com\/wp-content\/uploads\/2025\/11\/gasdruckdampfer-fur-schwere-klappen-2-600x600-1.webp","datePublished":"2025-11-12T06:16:08+00:00","dateModified":"2025-11-12T06:16:09+00:00","breadcrumb":{"@id":"https:\/\/www.gastac.com\/de\/produkt\/gasdruckdaempfer-fuer-schwere-klappen\/#breadcrumb"},"inLanguage":"de","potentialAction":[{"@type":"ReadAction","target":["https:\/\/www.gastac.com\/de\/produkt\/gasdruckdaempfer-fuer-schwere-klappen\/"]}]},{"@type":"ImageObject","inLanguage":"de","@id":"https:\/\/www.gastac.com\/de\/produkt\/gasdruckdaempfer-fuer-schwere-klappen\/#primaryimage","url":"https:\/\/www.gastac.com\/wp-content\/uploads\/2025\/11\/gasdruckdampfer-fur-schwere-klappen-2-600x600-1.webp","contentUrl":"https:\/\/www.gastac.com\/wp-content\/uploads\/2025\/11\/gasdruckdampfer-fur-schwere-klappen-2-600x600-1.webp","width":600,"height":600,"caption":"gasdruckdampfer fur schwere klappen 2 600x600"},{"@type":"BreadcrumbList","@id":"https:\/\/www.gastac.com\/de\/produkt\/gasdruckdaempfer-fuer-schwere-klappen\/#breadcrumb","itemListElement":[{"@type":"ListItem","position":1,"name":"Home","item":"https:\/\/www.gastac.com\/de\/"},{"@type":"ListItem","position":2,"name":"products","item":"https:\/\/www.gastac.com\/de\/products\/"},{"@type":"ListItem","position":3,"name":"Nicht kategorisiert","item":"https:\/\/www.gastac.com\/de\/product-category\/nicht-kategorisiert\/"},{"@type":"ListItem","position":4,"name":"Gasdruckd\u00e4mpfer f\u00fcr Schwere Klappen"}]},{"@type":"WebSite","@id":"https:\/\/www.gastac.com\/de\/#website","url":"https:\/\/www.gastac.com\/de\/","name":"Gastac Gas Spring","description":"China\u2019s Leading Gas Springs &amp; Struts Manufacturer","publisher":{"@id":"https:\/\/www.gastac.com\/de\/#organization"},"potentialAction":[{"@type":"SearchAction","target":{"@type":"EntryPoint","urlTemplate":"https:\/\/www.gastac.com\/de\/?s={search_term_string}"},"query-input":{"@type":"PropertyValueSpecification","valueRequired":true,"valueName":"search_term_string"}}],"inLanguage":"de"},{"@type":"Organization","@id":"https:\/\/www.gastac.com\/de\/#organization","name":"Ningbo Gastac Gas Spring Co.,Ltd","url":"https:\/\/www.gastac.com\/de\/","logo":{"@type":"ImageObject","inLanguage":"de","@id":"https:\/\/www.gastac.com\/de\/#\/schema\/logo\/image\/","url":"https:\/\/www.gastac.com\/wp-content\/uploads\/2025\/09\/LOGO\u672c\u8272-\u9ed1.webp","contentUrl":"https:\/\/www.gastac.com\/wp-content\/uploads\/2025\/09\/LOGO\u672c\u8272-\u9ed1.webp","width":1920,"height":1080,"caption":"Ningbo Gastac Gas Spring Co.,Ltd"},"image":{"@id":"https:\/\/www.gastac.com\/de\/#\/schema\/logo\/image\/"},"sameAs":["https:\/\/www.facebook.com\/profile.php?id=100092358464608","https:\/\/www.youtube.com\/@Gastac-Gas-Spring","https:\/\/www.linkedin.com\/in\/gastac-gas-spring\/","https:\/\/www.instagram.com\/gastacgasspring\/"]}]}},"_links":{"self":[{"href":"https:\/\/www.gastac.com\/de\/wp-json\/wp\/v2\/product\/18652","targetHints":{"allow":["GET"]}}],"collection":[{"href":"https:\/\/www.gastac.com\/de\/wp-json\/wp\/v2\/product"}],"about":[{"href":"https:\/\/www.gastac.com\/de\/wp-json\/wp\/v2\/types\/product"}],"replies":[{"embeddable":true,"href":"https:\/\/www.gastac.com\/de\/wp-json\/wp\/v2\/comments?post=18652"}],"wp:featuredmedia":[{"embeddable":true,"href":"https:\/\/www.gastac.com\/de\/wp-json\/wp\/v2\/media\/18660"}],"wp:attachment":[{"href":"https:\/\/www.gastac.com\/de\/wp-json\/wp\/v2\/media?parent=18652"}],"wp:term":[{"taxonomy":"product_brand","embeddable":true,"href":"https:\/\/www.gastac.com\/de\/wp-json\/wp\/v2\/product_brand?post=18652"},{"taxonomy":"product_cat","embeddable":true,"href":"https:\/\/www.gastac.com\/de\/wp-json\/wp\/v2\/product_cat?post=18652"},{"taxonomy":"product_tag","embeddable":true,"href":"https:\/\/www.gastac.com\/de\/wp-json\/wp\/v2\/product_tag?post=18652"}],"curies":[{"name":"wp","href":"https:\/\/api.w.org\/{rel}","templated":true}]}}