{"id":18634,"date":"2025-11-12T06:03:40","date_gmt":"2025-11-12T06:03:40","guid":{"rendered":"https:\/\/www.gastac.com\/?post_type=product&#038;p=18634"},"modified":"2025-11-12T06:03:40","modified_gmt":"2025-11-12T06:03:40","slug":"gasdruckfeder-auto","status":"publish","type":"product","link":"https:\/\/www.gastac.com\/de\/produkt\/gasdruckfeder-auto\/","title":{"rendered":"Gasdruckfeder Auto"},"content":{"rendered":"<h2>Gasdruckfeder Auto<\/h2>\n<p>Auto \u00f6ffnen sich leicht und bequem, Gasfedern und D\u00e4mpfer sorgen f\u00fcr ein einfaches und komfortables Schlie\u00dfen von Kofferraum, Heckklappe und Motorhaube.<br \/>\nDie gasgefederte Heckklappe und Motorhaube lassen sich mit nur einer Hand bedienen. Beim \u00d6ffnen der Klappe halten Gasfedern diese sicher in den Endpositionen. Im geschlossenen Zustand d\u00e4mpft eine Feder die Bewegung sanft und die Klappe schlie\u00dft leise.<br \/>\nNeben D\u00e4mpfern wird gasdruckfeder auto\u00a0auch an anderen Stellen in Kraftfahrzeugen eingesetzt, z. B. als Lenkungsd\u00e4mpfer oder Motord\u00e4mpfer, gasdruckfeder wohnmobil t\u00fcr, road ranger hardtop gasdruckfeder.<br \/>\n<img class=\"lazyload\" decoding=\"async\" src=\"data:image\/gif;base64,R0lGODlhAQABAAAAACH5BAEKAAEALAAAAAABAAEAAAICTAEAOw==\" data-orig-src=\"https:\/\/www.gastac.com\/wp-content\/uploads\/2023\/06\/verstarkte-dampfer-heckklappe-t6-400x400.jpg\" alt=\"Gasdruckfeder Auto\" \/><img class=\"lazyload\" decoding=\"async\" src=\"data:image\/gif;base64,R0lGODlhAQABAAAAACH5BAEKAAEALAAAAAABAAEAAAICTAEAOw==\" data-orig-src=\"https:\/\/www.gastac.com\/wp-content\/uploads\/2023\/06\/vw-t6-heckklappe-dampfer-2-400x400.jpg\" alt=\"Gasdruckfeder Auto\" \/><\/p>\n<h2>Gasfedern haben folgende Vorteile:<\/h2>\n<ul>\n<li>Kompakte Gasfedern und D\u00e4mpfer<\/li>\n<li>Einfache Konstruktion<\/li>\n<li>definierbare Geschwindigkeit<\/li>\n<li>Komfortable Kraftunterst\u00fctzung, leicht zu \u00f6ffnen<\/li>\n<li>Problemloser und reibungsloser Ablauf<\/li>\n<li>definierbare Federeigenschaften<\/li>\n<li>Bewegungsd\u00e4mpfung<\/li>\n<\/ul>\n<h2>Wie bestimmt man die Gr\u00f6\u00dfe der Gasdruckfeder im Auto?<\/h2>\n<p><img decoding=\"async\" class=\"lazyload aligncenter\" src=\"data:image\/gif;base64,R0lGODlhAQABAAAAACH5BAEKAAEALAAAAAABAAEAAAICTAEAOw==\" data-orig-src=\"https:\/\/www.gastac.com\/wp-content\/uploads\/2023\/06\/Wie-bestimmt-man-die-Grose-der-Gasdruckfeder-im-Auto-800x247.jpg\" alt=\"Gasdruckfeder Auto\" \/><\/p>\n<h2>So installieren Sie die Gasdruckfeder Auto ?<\/h2>\n<p>Um eine Gasdruckfeder in einem Auto zu\u00a0<strong><a href=\"https:\/\/www.youtube.com\/watch?v=l0NkCUNjzlE\">installieren<\/a><\/strong>, befestigen Sie zun\u00e4chst die Enden der Feder an den vorgesehenen Halterungen. Entfernen Sie die alte Feder vorsichtig, falls vorhanden. Dr\u00fccken Sie die Gasdruckfeder zusammen und befestigen Sie sie, indem Sie die Halterungen einrasten lassen. Achten Sie darauf, dass die Feder korrekt ausgerichtet und sicher befestigt ist, um ein reibungsloses \u00d6ffnen und Schlie\u00dfen zu gew\u00e4hrleisten.<\/p>\n<p>&nbsp;<\/p>\n<h2>So erkennen Sie eine defekte Gasdruckfeder im Auto?<\/h2>\n<ul>\n<li>Verlust an Kraft: Die Klappe, Haube oder Heckklappe bleibt nicht in der ge\u00f6ffneten Position und f\u00e4llt langsam oder pl\u00f6tzlich herunter.<\/li>\n<li>Schwierigkeiten beim \u00d6ffnen: Es erfordert mehr Kraft als \u00fcblich, um die Klappe zu \u00f6ffnen.<\/li>\n<li>\u00d6laustritt: Sichtbare \u00d6lspuren an der Feder deuten auf eine undichte Stelle hin.<\/li>\n<li>Ger\u00e4usche: Knarren oder andere ungew\u00f6hnliche Ger\u00e4usche beim Bet\u00e4tigen der Feder.<\/li>\n<\/ul>\n<p>&nbsp;<\/p>\n<h2>F\u00fcr welche Automarken ist GASTAC Gasdruckfeder auto geeignet?<\/h2>\n<p>Die GASTAC Gasdruckfeder f\u00fcr Autos ist eine leistungsstarke, langlebige Feder, die gleichm\u00e4\u00dfige und kontrollierte Bewegungen erm\u00f6glicht. Sie ist kompatibel mit originalen Gasfedern und vielen anderen Marken, was sie vielseitig einsetzbar macht. Dank hoher Druckbest\u00e4ndigkeit und pr\u00e4ziser Verarbeitung sorgt sie f\u00fcr optimale Funktion bei Kofferraum-, Motorhauben- und Werkzeugkistenanwendungen.Nachfolgend finden Sie die verschiedenen Modelle und Positionen der von GASTAC angebotenen Gasdruckfeder Auto\uff08<strong>Bei Interesse k\u00f6nnen Sie auf die Automarke klicken, um zur Shopping-Plattform zu gelangen<\/strong>\uff09.<\/p>\n<table style=\"border-collapse: collapse; width: 732.77pt;\" border=\"0\" width=\"977\" cellspacing=\"0\" cellpadding=\"0\">\n<tbody>\n<tr style=\"height: 14.25pt;\">\n<td class=\"et2\" style=\"height: 14.25pt; width: 127.50pt;\" width=\"170\" height=\"19\"><a title=\"https:\/\/shop.gastac-com-591077.hostingersite.com\/car-gas-spring\/audi-hood-struts\" href=\"https:\/\/shop.gastac-com-591077.hostingersite.com\/car-gas-spring\/audi-hood-struts\">AUDI<\/a><\/td>\n<td class=\"et2\" style=\"width: 127.50pt;\" width=\"170\"><a title=\"https:\/\/shop.gastac-com-591077.hostingersite.com\/car-gas-spring\/bmw-hood-struts\" href=\"https:\/\/shop.gastac-com-591077.hostingersite.com\/car-gas-spring\/bmw-hood-struts\">BMW<\/a><\/td>\n<td class=\"et2\" style=\"width: 127.50pt;\" width=\"170\"><a title=\"https:\/\/shop.gastac-com-591077.hostingersite.com\/car-gas-spring\/buick-hood-struts\" href=\"https:\/\/shop.gastac-com-591077.hostingersite.com\/car-gas-spring\/buick-hood-struts\">BUICK<\/a><\/td>\n<td class=\"et2\" style=\"width: 127.50pt;\" width=\"170\"><a title=\"https:\/\/shop.gastac-com-591077.hostingersite.com\/car-gas-spring\/Cadillac-Hood-Struts\" href=\"https:\/\/shop.gastac-com-591077.hostingersite.com\/car-gas-spring\/Cadillac-Hood-Struts\">CADILLAC<\/a><\/td>\n<td class=\"et2\" style=\"width: 127.50pt;\" width=\"170\"><a title=\"https:\/\/shop.gastac-com-591077.hostingersite.com\/car-gas-spring\/case-ih-gas-struts\" href=\"https:\/\/shop.gastac-com-591077.hostingersite.com\/car-gas-spring\/case-ih-gas-struts\">CASE HI<\/a><\/td>\n<td class=\"et2\" style=\"width: 95.25pt;\" width=\"127\"><a title=\"https:\/\/shop.gastac-com-591077.hostingersite.com\/car-gas-spring\/volkswagen-gas-struts\" href=\"https:\/\/shop.gastac-com-591077.hostingersite.com\/car-gas-spring\/volkswagen-gas-struts\">VW<\/a><\/td>\n<\/tr>\n<tr style=\"height: 14.25pt;\">\n<td class=\"et2\" style=\"height: 14.25pt; width: 127.50pt;\" width=\"170\" height=\"19\"><a title=\"https:\/\/shop.gastac-com-591077.hostingersite.com\/car-gas-spring\/chevrolet-hood-struts\" href=\"https:\/\/shop.gastac-com-591077.hostingersite.com\/car-gas-spring\/chevrolet-hood-struts\">CHEVROLET<\/a><\/td>\n<td class=\"et2\" style=\"width: 127.50pt;\" width=\"170\"><a title=\"https:\/\/shop.gastac-com-591077.hostingersite.com\/car-gas-spring\/chrysler-gas-struts\" href=\"https:\/\/shop.gastac-com-591077.hostingersite.com\/car-gas-spring\/chrysler-gas-struts\">CHRYSLER<\/a><\/td>\n<td class=\"et2\" style=\"width: 127.50pt;\" width=\"170\"><a title=\"https:\/\/shop.gastac-com-591077.hostingersite.com\/car-gas-spring\/dodge-gas-struts\" href=\"https:\/\/shop.gastac-com-591077.hostingersite.com\/car-gas-spring\/dodge-gas-struts\">DODGE<\/a><\/td>\n<td class=\"et2\" style=\"width: 127.50pt;\" width=\"170\"><a title=\"https:\/\/shop.gastac-com-591077.hostingersite.com\/car-gas-spring\/ford-gas-struts\" href=\"https:\/\/shop.gastac-com-591077.hostingersite.com\/car-gas-spring\/ford-gas-struts\">FORD<\/a><\/td>\n<td class=\"et2\" style=\"width: 127.50pt;\" width=\"170\"><a title=\"https:\/\/shop.gastac-com-591077.hostingersite.com\/car-gas-spring\/gmc-gas-struts\" href=\"https:\/\/shop.gastac-com-591077.hostingersite.com\/car-gas-spring\/gmc-gas-struts\">GMC<\/a><\/td>\n<td class=\"et2\" style=\"width: 95.25pt;\" width=\"127\"><a title=\"https:\/\/shop.gastac-com-591077.hostingersite.com\/car-gas-spring\/volvo-boot-struts\" href=\"https:\/\/shop.gastac-com-591077.hostingersite.com\/car-gas-spring\/volvo-boot-struts\">VOLVO<\/a><\/td>\n<\/tr>\n<tr style=\"height: 14.25pt;\">\n<td class=\"et2\" style=\"height: 14.25pt; width: 127.50pt;\" width=\"170\" height=\"19\"><a title=\"https:\/\/shop.gastac-com-591077.hostingersite.com\/car-gas-spring\/honda-gas-struts\" href=\"https:\/\/shop.gastac-com-591077.hostingersite.com\/car-gas-spring\/honda-gas-struts\">HONDA<\/a><\/td>\n<td class=\"et2\" style=\"width: 127.50pt;\" width=\"170\"><a title=\"https:\/\/shop.gastac-com-591077.hostingersite.com\/car-gas-spring\/hyundai-gas-struts\" href=\"https:\/\/shop.gastac-com-591077.hostingersite.com\/car-gas-spring\/hyundai-gas-struts\">HYUNDAI<\/a><\/td>\n<td class=\"et2\" style=\"width: 127.50pt;\" width=\"170\"><a title=\"https:\/\/shop.gastac-com-591077.hostingersite.com\/car-gas-spring\/infiniti-gas-struts\" href=\"https:\/\/shop.gastac-com-591077.hostingersite.com\/car-gas-spring\/infiniti-gas-struts\">INFINITI<\/a><\/td>\n<td class=\"et2\" style=\"width: 127.50pt;\" width=\"170\"><a title=\"https:\/\/shop.gastac-com-591077.hostingersite.com\/car-gas-spring\/jaguar-gas-struts\" href=\"https:\/\/shop.gastac-com-591077.hostingersite.com\/car-gas-spring\/jaguar-gas-struts\">JAGUAR<\/a><\/td>\n<td class=\"et2\" style=\"width: 127.50pt;\" width=\"170\"><a title=\"https:\/\/shop.gastac-com-591077.hostingersite.com\/car-gas-spring\/jeep-gas-struts\" href=\"https:\/\/shop.gastac-com-591077.hostingersite.com\/car-gas-spring\/jeep-gas-struts\">JEEP<\/a><\/td>\n<td class=\"et2\" style=\"width: 95.25pt;\" width=\"127\"><a title=\"https:\/\/shop.gastac-com-591077.hostingersite.com\/car-gas-spring\/universal-gas-struts-for-cars\" href=\"https:\/\/shop.gastac-com-591077.hostingersite.com\/car-gas-spring\/universal-gas-struts-for-cars\">UNIVERSAL<\/a><\/td>\n<\/tr>\n<tr style=\"height: 14.25pt;\">\n<td class=\"et2\" style=\"height: 14.25pt; width: 127.50pt;\" width=\"170\" height=\"19\"><a title=\"https:\/\/shop.gastac-com-591077.hostingersite.com\/car-gas-spring\/kia-gas-struts\" href=\"https:\/\/shop.gastac-com-591077.hostingersite.com\/car-gas-spring\/kia-gas-struts\">KIA<\/a><\/td>\n<td class=\"et2\" style=\"width: 127.50pt;\" width=\"170\"><a title=\"https:\/\/shop.gastac-com-591077.hostingersite.com\/car-gas-spring\/mercedes-benz-gas-struts\" href=\"https:\/\/shop.gastac-com-591077.hostingersite.com\/car-gas-spring\/mercedes-benz-gas-struts\">MERCEDES-BENZ<\/a><\/td>\n<td class=\"et2\" style=\"width: 127.50pt;\" width=\"170\"><a title=\"https:\/\/shop.gastac-com-591077.hostingersite.com\/car-gas-spring\/mitsubishi-gas-struts\" href=\"https:\/\/shop.gastac-com-591077.hostingersite.com\/car-gas-spring\/mitsubishi-gas-struts\">MITSUBISHI<\/a><\/td>\n<td class=\"et2\" style=\"width: 127.50pt;\" width=\"170\"><a title=\"https:\/\/shop.gastac-com-591077.hostingersite.com\/car-gas-spring\/new-holland-gas-struts\" href=\"https:\/\/shop.gastac-com-591077.hostingersite.com\/car-gas-spring\/new-holland-gas-struts\">NEW HOLLAND<\/a><\/td>\n<td class=\"et2\" style=\"width: 127.50pt;\" width=\"170\"><a title=\"https:\/\/shop.gastac-com-591077.hostingersite.com\/car-gas-spring\/nissan-gas-struts\" href=\"https:\/\/shop.gastac-com-591077.hostingersite.com\/car-gas-spring\/nissan-gas-struts\">NISSAN<\/a><\/td>\n<td class=\"et2\" style=\"width: 95.25pt;\" width=\"127\"><a title=\"https:\/\/shop.gastac-com-591077.hostingersite.com\/car-gas-spring\/tailgate-assist\" href=\"https:\/\/shop.gastac-com-591077.hostingersite.com\/car-gas-spring\/tailgate-assist\">TAILGETE<\/a><\/td>\n<\/tr>\n<tr style=\"height: 14.25pt;\">\n<td class=\"et2\" style=\"height: 14.25pt; width: 127.50pt;\" width=\"170\" height=\"19\"><a title=\"https:\/\/shop.gastac-com-591077.hostingersite.com\/car-gas-spring\/pontiac-gas-struts\" href=\"https:\/\/shop.gastac-com-591077.hostingersite.com\/car-gas-spring\/pontiac-gas-struts\">PONTIAC<\/a><\/td>\n<td class=\"et2\" style=\"width: 127.50pt;\" width=\"170\"><a title=\"https:\/\/shop.gastac-com-591077.hostingersite.com\/car-gas-spring\/saab-gas-struts\" href=\"https:\/\/shop.gastac-com-591077.hostingersite.com\/car-gas-spring\/saab-gas-struts\">SAAB<\/a><\/td>\n<td class=\"et2\" style=\"width: 127.50pt;\" width=\"170\"><a title=\"https:\/\/shop.gastac-com-591077.hostingersite.com\/car-gas-spring\/saturn-gas-struts\" href=\"https:\/\/shop.gastac-com-591077.hostingersite.com\/car-gas-spring\/saturn-gas-struts\">SATUTN<\/a><\/td>\n<td class=\"et2\" style=\"width: 127.50pt;\" width=\"170\"><a title=\"https:\/\/shop.gastac-com-591077.hostingersite.com\/car-gas-spring\/suzuki-gas-struts\" href=\"https:\/\/shop.gastac-com-591077.hostingersite.com\/car-gas-spring\/suzuki-gas-struts\">SUZUKI<\/a><\/td>\n<td class=\"et2\" style=\"width: 127.50pt;\" width=\"170\"><a title=\"https:\/\/shop.gastac-com-591077.hostingersite.com\/car-gas-spring\/toyota-gas-struts\" href=\"https:\/\/shop.gastac-com-591077.hostingersite.com\/car-gas-spring\/toyota-gas-struts\">TOYOTA<\/a><\/td>\n<td class=\"et2\" style=\"width: 95.25pt;\" width=\"127\"><a title=\"https:\/\/shop.gastac-com-591077.hostingersite.com\/car-gas-spring\/subaru-gas-struts\" href=\"https:\/\/shop.gastac-com-591077.hostingersite.com\/car-gas-spring\/subaru-gas-struts\">SUBARU<\/a><\/td>\n<\/tr>\n<\/tbody>\n<\/table>\n<div>\n<h2>Gasdruckfede Auto Anwendung<\/h2>\n<p><img decoding=\"async\" class=\"lazyload \" src=\"data:image\/svg+xml,%3Csvg%20xmlns%3D%27http%3A%2F%2Fwww.w3.org%2F2000%2Fsvg%27%20width%3D%27357%27%20height%3D%27357%27%20viewBox%3D%270%200%20357%20357%27%3E%3Crect%20width%3D%27357%27%20height%3D%27357%27%20fill-opacity%3D%220%22%2F%3E%3C%2Fsvg%3E\" data-orig-src=\"https:\/\/www.gastac.com\/wp-content\/uploads\/2023\/06\/gasdruckfeder-auto-400x400.jpg\" alt=\"Gasdruckfeder Auto\" width=\"357\" height=\"357\" \/><img decoding=\"async\" class=\"lazyload \" src=\"data:image\/svg+xml,%3Csvg%20xmlns%3D%27http%3A%2F%2Fwww.w3.org%2F2000%2Fsvg%27%20width%3D%27518%27%20height%3D%27359%27%20viewBox%3D%270%200%20518%20359%27%3E%3Crect%20width%3D%27518%27%20height%3D%27359%27%20fill-opacity%3D%220%22%2F%3E%3C%2Fsvg%3E\" data-orig-src=\"https:\/\/www.gastac.com\/wp-content\/uploads\/2023\/07\/motorkapsteun-2-577x400.jpg\" alt=\"Gasdruckfeder Auto\" width=\"518\" height=\"359\" \/><\/p>\n<\/div>\n","protected":false},"excerpt":{"rendered":"<p>Gasdruckfeder Auto Auto \u00f6ffnen sich leicht und bequem, Gasfedern und D\u00e4mpfer sorgen f\u00fcr ein einfaches und komfortables Schlie\u00dfen von Kofferraum,  [&#8230;]<\/p>\n","protected":false},"featured_media":18647,"comment_status":"open","ping_status":"closed","template":"","meta":[],"product_brand":[],"product_cat":[109],"product_tag":[],"class_list":{"0":"post-18634","1":"product","2":"type-product","3":"status-publish","4":"has-post-thumbnail","6":"product_cat-nicht-kategorisiert","8":"first","9":"instock","10":"shipping-taxable","11":"product-type-simple"},"yoast_head":"<!-- This site is optimized with the Yoast SEO Premium plugin v26.2 (Yoast SEO v27.5) - https:\/\/yoast.com\/product\/yoast-seo-premium-wordpress\/ -->\n<title>Gasdruckfeder Auto | Gastac Gas Spring<\/title>\n<meta name=\"robots\" content=\"index, follow, max-snippet:-1, max-image-preview:large, max-video-preview:-1\" \/>\n<link rel=\"canonical\" href=\"https:\/\/www.gastac.com\/de\/produkt\/gasdruckfeder-auto\/\" \/>\n<meta property=\"og:locale\" content=\"de_DE\" \/>\n<meta property=\"og:type\" content=\"article\" \/>\n<meta property=\"og:title\" content=\"Gasdruckfeder Auto\" \/>\n<meta property=\"og:description\" content=\"Gasdruckfeder Auto Auto \u00f6ffnen sich leicht und bequem, Gasfedern und D\u00e4mpfer sorgen f\u00fcr ein einfaches und komfortables Schlie\u00dfen von Kofferraum, [...]\" \/>\n<meta property=\"og:url\" content=\"https:\/\/www.gastac.com\/de\/produkt\/gasdruckfeder-auto\/\" \/>\n<meta property=\"og:site_name\" content=\"Gastac Gas Spring\" \/>\n<meta property=\"article:publisher\" content=\"https:\/\/www.facebook.com\/profile.php?id=100092358464608\" \/>\n<meta property=\"og:image\" content=\"https:\/\/www.gastac.com\/wp-content\/uploads\/2025\/11\/gaszugfeder-mit-dampfung-1-2.webp\" \/>\n\t<meta property=\"og:image:width\" content=\"600\" \/>\n\t<meta property=\"og:image:height\" content=\"600\" \/>\n\t<meta property=\"og:image:type\" content=\"image\/webp\" \/>\n<meta name=\"twitter:card\" content=\"summary_large_image\" \/>\n<meta name=\"twitter:label1\" content=\"Gesch\u00e4tzte Lesezeit\" \/>\n\t<meta name=\"twitter:data1\" content=\"1\u00a0Minute\" \/>\n<script type=\"application\/ld+json\" class=\"yoast-schema-graph\">{\"@context\":\"https:\\\/\\\/schema.org\",\"@graph\":[{\"@type\":\"WebPage\",\"@id\":\"https:\\\/\\\/www.gastac.com\\\/de\\\/produkt\\\/gasdruckfeder-auto\\\/\",\"url\":\"https:\\\/\\\/www.gastac.com\\\/de\\\/produkt\\\/gasdruckfeder-auto\\\/\",\"name\":\"Gasdruckfeder Auto | Gastac Gas Spring\",\"isPartOf\":{\"@id\":\"https:\\\/\\\/www.gastac.com\\\/de\\\/#website\"},\"primaryImageOfPage\":{\"@id\":\"https:\\\/\\\/www.gastac.com\\\/de\\\/produkt\\\/gasdruckfeder-auto\\\/#primaryimage\"},\"image\":{\"@id\":\"https:\\\/\\\/www.gastac.com\\\/de\\\/produkt\\\/gasdruckfeder-auto\\\/#primaryimage\"},\"thumbnailUrl\":\"https:\\\/\\\/www.gastac.com\\\/wp-content\\\/uploads\\\/2025\\\/11\\\/gaszugfeder-mit-dampfung-1-2.webp\",\"datePublished\":\"2025-11-12T06:03:40+00:00\",\"breadcrumb\":{\"@id\":\"https:\\\/\\\/www.gastac.com\\\/de\\\/produkt\\\/gasdruckfeder-auto\\\/#breadcrumb\"},\"inLanguage\":\"de\",\"potentialAction\":[{\"@type\":\"ReadAction\",\"target\":[\"https:\\\/\\\/www.gastac.com\\\/de\\\/produkt\\\/gasdruckfeder-auto\\\/\"]}]},{\"@type\":\"ImageObject\",\"inLanguage\":\"de\",\"@id\":\"https:\\\/\\\/www.gastac.com\\\/de\\\/produkt\\\/gasdruckfeder-auto\\\/#primaryimage\",\"url\":\"https:\\\/\\\/www.gastac.com\\\/wp-content\\\/uploads\\\/2025\\\/11\\\/gaszugfeder-mit-dampfung-1-2.webp\",\"contentUrl\":\"https:\\\/\\\/www.gastac.com\\\/wp-content\\\/uploads\\\/2025\\\/11\\\/gaszugfeder-mit-dampfung-1-2.webp\",\"width\":600,\"height\":600,\"caption\":\"gaszugfeder mit dampfung 1\"},{\"@type\":\"BreadcrumbList\",\"@id\":\"https:\\\/\\\/www.gastac.com\\\/de\\\/produkt\\\/gasdruckfeder-auto\\\/#breadcrumb\",\"itemListElement\":[{\"@type\":\"ListItem\",\"position\":1,\"name\":\"Home\",\"item\":\"https:\\\/\\\/www.gastac.com\\\/de\\\/\"},{\"@type\":\"ListItem\",\"position\":2,\"name\":\"products\",\"item\":\"https:\\\/\\\/www.gastac.com\\\/de\\\/products\\\/\"},{\"@type\":\"ListItem\",\"position\":3,\"name\":\"Nicht kategorisiert\",\"item\":\"https:\\\/\\\/www.gastac.com\\\/de\\\/product-category\\\/nicht-kategorisiert\\\/\"},{\"@type\":\"ListItem\",\"position\":4,\"name\":\"Gasdruckfeder Auto\"}]},{\"@type\":\"WebSite\",\"@id\":\"https:\\\/\\\/www.gastac.com\\\/de\\\/#website\",\"url\":\"https:\\\/\\\/www.gastac.com\\\/de\\\/\",\"name\":\"Gastac Gas Spring\",\"description\":\"China\u2019s Leading Gas Springs &amp; Struts Manufacturer\",\"publisher\":{\"@id\":\"https:\\\/\\\/www.gastac.com\\\/de\\\/#organization\"},\"potentialAction\":[{\"@type\":\"SearchAction\",\"target\":{\"@type\":\"EntryPoint\",\"urlTemplate\":\"https:\\\/\\\/www.gastac.com\\\/de\\\/?s={search_term_string}\"},\"query-input\":{\"@type\":\"PropertyValueSpecification\",\"valueRequired\":true,\"valueName\":\"search_term_string\"}}],\"inLanguage\":\"de\"},{\"@type\":\"Organization\",\"@id\":\"https:\\\/\\\/www.gastac.com\\\/de\\\/#organization\",\"name\":\"Ningbo Gastac Gas Spring Co.,Ltd\",\"url\":\"https:\\\/\\\/www.gastac.com\\\/de\\\/\",\"logo\":{\"@type\":\"ImageObject\",\"inLanguage\":\"de\",\"@id\":\"https:\\\/\\\/www.gastac.com\\\/de\\\/#\\\/schema\\\/logo\\\/image\\\/\",\"url\":\"https:\\\/\\\/www.gastac.com\\\/wp-content\\\/uploads\\\/2025\\\/09\\\/LOGO\u672c\u8272-\u9ed1.webp\",\"contentUrl\":\"https:\\\/\\\/www.gastac.com\\\/wp-content\\\/uploads\\\/2025\\\/09\\\/LOGO\u672c\u8272-\u9ed1.webp\",\"width\":1920,\"height\":1080,\"caption\":\"Ningbo Gastac Gas Spring Co.,Ltd\"},\"image\":{\"@id\":\"https:\\\/\\\/www.gastac.com\\\/de\\\/#\\\/schema\\\/logo\\\/image\\\/\"},\"sameAs\":[\"https:\\\/\\\/www.facebook.com\\\/profile.php?id=100092358464608\",\"https:\\\/\\\/www.youtube.com\\\/@Gastac-Gas-Spring\",\"https:\\\/\\\/www.linkedin.com\\\/in\\\/gastac-gas-spring\\\/\",\"https:\\\/\\\/www.instagram.com\\\/gastacgasspring\\\/\"]}]}<\/script>\n<!-- \/ Yoast SEO Premium plugin. -->","yoast_head_json":{"title":"Gasdruckfeder Auto | Gastac Gas Spring","robots":{"index":"index","follow":"follow","max-snippet":"max-snippet:-1","max-image-preview":"max-image-preview:large","max-video-preview":"max-video-preview:-1"},"canonical":"https:\/\/www.gastac.com\/de\/produkt\/gasdruckfeder-auto\/","og_locale":"de_DE","og_type":"article","og_title":"Gasdruckfeder Auto","og_description":"Gasdruckfeder Auto Auto \u00f6ffnen sich leicht und bequem, Gasfedern und D\u00e4mpfer sorgen f\u00fcr ein einfaches und komfortables Schlie\u00dfen von Kofferraum, [...]","og_url":"https:\/\/www.gastac.com\/de\/produkt\/gasdruckfeder-auto\/","og_site_name":"Gastac Gas Spring","article_publisher":"https:\/\/www.facebook.com\/profile.php?id=100092358464608","og_image":[{"width":600,"height":600,"url":"https:\/\/www.gastac.com\/wp-content\/uploads\/2025\/11\/gaszugfeder-mit-dampfung-1-2.webp","type":"image\/webp"}],"twitter_card":"summary_large_image","twitter_misc":{"Gesch\u00e4tzte Lesezeit":"1\u00a0Minute"},"schema":{"@context":"https:\/\/schema.org","@graph":[{"@type":"WebPage","@id":"https:\/\/www.gastac.com\/de\/produkt\/gasdruckfeder-auto\/","url":"https:\/\/www.gastac.com\/de\/produkt\/gasdruckfeder-auto\/","name":"Gasdruckfeder Auto | Gastac Gas Spring","isPartOf":{"@id":"https:\/\/www.gastac.com\/de\/#website"},"primaryImageOfPage":{"@id":"https:\/\/www.gastac.com\/de\/produkt\/gasdruckfeder-auto\/#primaryimage"},"image":{"@id":"https:\/\/www.gastac.com\/de\/produkt\/gasdruckfeder-auto\/#primaryimage"},"thumbnailUrl":"https:\/\/www.gastac.com\/wp-content\/uploads\/2025\/11\/gaszugfeder-mit-dampfung-1-2.webp","datePublished":"2025-11-12T06:03:40+00:00","breadcrumb":{"@id":"https:\/\/www.gastac.com\/de\/produkt\/gasdruckfeder-auto\/#breadcrumb"},"inLanguage":"de","potentialAction":[{"@type":"ReadAction","target":["https:\/\/www.gastac.com\/de\/produkt\/gasdruckfeder-auto\/"]}]},{"@type":"ImageObject","inLanguage":"de","@id":"https:\/\/www.gastac.com\/de\/produkt\/gasdruckfeder-auto\/#primaryimage","url":"https:\/\/www.gastac.com\/wp-content\/uploads\/2025\/11\/gaszugfeder-mit-dampfung-1-2.webp","contentUrl":"https:\/\/www.gastac.com\/wp-content\/uploads\/2025\/11\/gaszugfeder-mit-dampfung-1-2.webp","width":600,"height":600,"caption":"gaszugfeder mit dampfung 1"},{"@type":"BreadcrumbList","@id":"https:\/\/www.gastac.com\/de\/produkt\/gasdruckfeder-auto\/#breadcrumb","itemListElement":[{"@type":"ListItem","position":1,"name":"Home","item":"https:\/\/www.gastac.com\/de\/"},{"@type":"ListItem","position":2,"name":"products","item":"https:\/\/www.gastac.com\/de\/products\/"},{"@type":"ListItem","position":3,"name":"Nicht kategorisiert","item":"https:\/\/www.gastac.com\/de\/product-category\/nicht-kategorisiert\/"},{"@type":"ListItem","position":4,"name":"Gasdruckfeder Auto"}]},{"@type":"WebSite","@id":"https:\/\/www.gastac.com\/de\/#website","url":"https:\/\/www.gastac.com\/de\/","name":"Gastac Gas Spring","description":"China\u2019s Leading Gas Springs &amp; Struts Manufacturer","publisher":{"@id":"https:\/\/www.gastac.com\/de\/#organization"},"potentialAction":[{"@type":"SearchAction","target":{"@type":"EntryPoint","urlTemplate":"https:\/\/www.gastac.com\/de\/?s={search_term_string}"},"query-input":{"@type":"PropertyValueSpecification","valueRequired":true,"valueName":"search_term_string"}}],"inLanguage":"de"},{"@type":"Organization","@id":"https:\/\/www.gastac.com\/de\/#organization","name":"Ningbo Gastac Gas Spring Co.,Ltd","url":"https:\/\/www.gastac.com\/de\/","logo":{"@type":"ImageObject","inLanguage":"de","@id":"https:\/\/www.gastac.com\/de\/#\/schema\/logo\/image\/","url":"https:\/\/www.gastac.com\/wp-content\/uploads\/2025\/09\/LOGO\u672c\u8272-\u9ed1.webp","contentUrl":"https:\/\/www.gastac.com\/wp-content\/uploads\/2025\/09\/LOGO\u672c\u8272-\u9ed1.webp","width":1920,"height":1080,"caption":"Ningbo Gastac Gas Spring Co.,Ltd"},"image":{"@id":"https:\/\/www.gastac.com\/de\/#\/schema\/logo\/image\/"},"sameAs":["https:\/\/www.facebook.com\/profile.php?id=100092358464608","https:\/\/www.youtube.com\/@Gastac-Gas-Spring","https:\/\/www.linkedin.com\/in\/gastac-gas-spring\/","https:\/\/www.instagram.com\/gastacgasspring\/"]}]}},"_links":{"self":[{"href":"https:\/\/www.gastac.com\/de\/wp-json\/wp\/v2\/product\/18634","targetHints":{"allow":["GET"]}}],"collection":[{"href":"https:\/\/www.gastac.com\/de\/wp-json\/wp\/v2\/product"}],"about":[{"href":"https:\/\/www.gastac.com\/de\/wp-json\/wp\/v2\/types\/product"}],"replies":[{"embeddable":true,"href":"https:\/\/www.gastac.com\/de\/wp-json\/wp\/v2\/comments?post=18634"}],"wp:featuredmedia":[{"embeddable":true,"href":"https:\/\/www.gastac.com\/de\/wp-json\/wp\/v2\/media\/18647"}],"wp:attachment":[{"href":"https:\/\/www.gastac.com\/de\/wp-json\/wp\/v2\/media?parent=18634"}],"wp:term":[{"taxonomy":"product_brand","embeddable":true,"href":"https:\/\/www.gastac.com\/de\/wp-json\/wp\/v2\/product_brand?post=18634"},{"taxonomy":"product_cat","embeddable":true,"href":"https:\/\/www.gastac.com\/de\/wp-json\/wp\/v2\/product_cat?post=18634"},{"taxonomy":"product_tag","embeddable":true,"href":"https:\/\/www.gastac.com\/de\/wp-json\/wp\/v2\/product_tag?post=18634"}],"curies":[{"name":"wp","href":"https:\/\/api.w.org\/{rel}","templated":true}]}}