{"id":18609,"date":"2025-11-12T05:50:05","date_gmt":"2025-11-12T05:50:05","guid":{"rendered":"https:\/\/www.gastac.com\/?post_type=product&#038;p=18609"},"modified":"2025-11-12T05:50:05","modified_gmt":"2025-11-12T05:50:05","slug":"blockierbare-gasdruckfeder","status":"publish","type":"product","link":"https:\/\/www.gastac.com\/de\/produkt\/blockierbare-gasdruckfeder\/","title":{"rendered":"Blockierbare Gasdruckfeder"},"content":{"rendered":"<h2>Blockierbare Gasdruckfeder<\/h2>\n<p>So ist beispielsweise die Blockierbare Gasdruckfeder f\u00fcr Gartenm\u00f6bel auf maximalen Komfort ausgelegt. Sch\u00f6ne Gartenm\u00f6bel verbessern die betriebliche Effizienz und die Lebensfreude in jeder Umgebung, egal ob es sich um einen privaten Garten oder einen gehobenen Hotel- oder Spa-Bereich handelt.<br \/>\nGartenliegen zum Beispiel sind mit dicken Matratzen und Nackenkissen f\u00fcr zus\u00e4tzlichen Komfort ausgestattet. Dank der hochwertigen Gasfedern und der Griffe an den Seiten der Gartenliege k\u00f6nnen Sie die Liege genau nach Ihren W\u00fcnschen positionieren, egal ob Sie ein Buch lesen oder einfach nur entspannen m\u00f6chten.<br \/>\n<img decoding=\"async\" class=\"lazyload aligncenter\" src=\"data:image\/svg+xml,%3Csvg%20xmlns%3D%27http%3A%2F%2Fwww.w3.org%2F2000%2Fsvg%27%20width%3D%27849%27%20height%3D%27338%27%20viewBox%3D%270%200%20849%20338%27%3E%3Crect%20width%3D%27849%27%20height%3D%27338%27%20fill-opacity%3D%220%22%2F%3E%3C%2Fsvg%3E\" data-orig-src=\"https:\/\/www.gastac.com\/wp-content\/uploads\/2023\/06\/Garden-chair.jpg\" alt=\"Blockierbare Gasdruckfeder\" width=\"849\" height=\"338\" \/><\/p>\n<h2>Was ist eine blockierbare Gasdruckfeder?<\/h2>\n<p>Eine blockierbare Gasdruckfeder ist ein Federungssystem, das durch Gasdruck unterst\u00fctzt wird. Es l\u00e4sst sich in einer bestimmten Position arretieren und sorgt f\u00fcr sanfte Bewegungen sowie Stabilit\u00e4t. H\u00e4ufig wird sie in M\u00f6beln oder Fahrzeugteilen verwendet, um Klappen zu halten.Die blockierbaren Gasdruckfedern, auch bekannt als Gasdruckfedern, Gasd\u00e4mpfer oder Gasdruckd\u00e4mpfer, werden f\u00fcr ergonomische und komfortable, bequeme und sichere Sitz- und Liegepositionswechsel, einfache und pr\u00e4zise Bedienung der Maschinenabdeckung und f\u00fcr viele weitere Anwendungen in vielen Bereichen eingesetzt.<br \/>\n<img decoding=\"async\" class=\"lazyload aligncenter\" src=\"data:image\/svg+xml,%3Csvg%20xmlns%3D%27http%3A%2F%2Fwww.w3.org%2F2000%2Fsvg%27%20width%3D%27849%27%20height%3D%27338%27%20viewBox%3D%270%200%20849%20338%27%3E%3Crect%20width%3D%27849%27%20height%3D%27338%27%20fill-opacity%3D%220%22%2F%3E%3C%2Fsvg%3E\" data-orig-src=\"https:\/\/gastac.com\/wp-content\/uploads\/2023\/07\/Gasveer-met-Kabelbediening-2.gif\" alt=\"Blockierbare Gasdruckfeder\" width=\"849\" height=\"338\" \/><\/p>\n<h2>Blockierbare Gasdruckfeder-Art<\/h2>\n<p>Die blockierbare Gasdruckfeder erm\u00f6glicht das Stoppen in jeder Position. Sie gibt es in 5 Typen:\u00a0<strong data-start=\"97\" data-end=\"110\" data-immersive-translate-walked=\"1a2ffdef-16f5-422c-aeae-dabb2c5a91ad\">elastisch<\/strong>\u00a0(flexibles Nachgeben),\u00a0<strong data-start=\"134\" data-end=\"150\" data-immersive-translate-walked=\"1a2ffdef-16f5-422c-aeae-dabb2c5a91ad\">starr in Zug<\/strong>\u00a0(fest bei Zugbelastung),\u00a0<strong data-start=\"176\" data-end=\"194\" data-immersive-translate-walked=\"1a2ffdef-16f5-422c-aeae-dabb2c5a91ad\">starr in Druck<\/strong>\u00a0(fest bei Druck),\u00a0<strong data-start=\"213\" data-end=\"243\" data-immersive-translate-walked=\"1a2ffdef-16f5-422c-aeae-dabb2c5a91ad\">starr in beiden Richtungen<\/strong>\u00a0(komplett blockierbar) und\u00a0<strong data-start=\"271\" data-end=\"293\" data-immersive-translate-walked=\"1a2ffdef-16f5-422c-aeae-dabb2c5a91ad\">mit Schwingelement<\/strong>\u00a0(zus\u00e4tzliche D\u00e4mpfung). Ideal f\u00fcr St\u00fchle, Betten, Medizin- und Industrietechnik.<\/p>\n<h3>Elastische blockierbare Gasdruckfeder<\/h3>\n<p><img decoding=\"async\" class=\"lazyload aligncenter\" src=\"data:image\/svg+xml,%3Csvg%20xmlns%3D%27http%3A%2F%2Fwww.w3.org%2F2000%2Fsvg%27%20width%3D%27849%27%20height%3D%27338%27%20viewBox%3D%270%200%20849%20338%27%3E%3Crect%20width%3D%27849%27%20height%3D%27338%27%20fill-opacity%3D%220%22%2F%3E%3C%2Fsvg%3E\" data-orig-src=\"https:\/\/www.gastac.com\/wp-content\/uploads\/2023\/07\/Elastische-Gasveer-met-Kabelbediening.jpg\" alt=\"Blockierbare Gasdruckfeder\" width=\"849\" height=\"338\" \/><\/p>\n<p>Ausdehnungs- und Kompressionsrichtung mit elastischer und d\u00e4mpfender Wirkung.<br \/>\nDie elastische Blockiergasfeder wird durch Bef\u00fcllen der Gasfeder mit komprimierbarem Stickstoff erreicht.<br \/>\nDie elastische Blockiergasfeder gibt es in zwei verschiedenen Typen, n\u00e4mlich als 22-mm- und 28-mm-Zylinder.<br \/>\nAnwendung: B\u00fcrostuhlr\u00fcckenlehne<\/p>\n<h3>Starre blockierbare Gasdruckfeder in erweiterter Richtung<\/h3>\n<p><img decoding=\"async\" class=\"lazyload aligncenter\" src=\"data:image\/svg+xml,%3Csvg%20xmlns%3D%27http%3A%2F%2Fwww.w3.org%2F2000%2Fsvg%27%20width%3D%27849%27%20height%3D%27338%27%20viewBox%3D%270%200%20849%20338%27%3E%3Crect%20width%3D%27849%27%20height%3D%27338%27%20fill-opacity%3D%220%22%2F%3E%3C%2Fsvg%3E\" data-orig-src=\"https:\/\/www.gastac.com\/wp-content\/uploads\/2023\/07\/Vaste-Gasveer-met-Kabelbediening-in-Verlengde-Richting.jpg\" alt=\"Blockierbare Gasdruckfeder\" width=\"849\" height=\"338\" \/><\/p>\n<p>In Extensionsrichtung arretierbar, in Kompressionsrichtung d\u00e4mpfend<br \/>\nAnwendung:<br \/>\nR\u00fcckenlehnenverstellung von Sitzen<br \/>\nNeigungsverstellung von Krankenhausbetten<br \/>\nBeinst\u00fctzen an Rollst\u00fchlen und Passagiersitzen<\/p>\n<h3>Starre blockierbare Gasdruckfeder in komprimierter Richtung<\/h3>\n<p><img decoding=\"async\" class=\"lazyload aligncenter\" src=\"data:image\/svg+xml,%3Csvg%20xmlns%3D%27http%3A%2F%2Fwww.w3.org%2F2000%2Fsvg%27%20width%3D%27849%27%20height%3D%27338%27%20viewBox%3D%270%200%20849%20338%27%3E%3Crect%20width%3D%27849%27%20height%3D%27338%27%20fill-opacity%3D%220%22%2F%3E%3C%2Fsvg%3E\" data-orig-src=\"https:\/\/www.gastac.com\/wp-content\/uploads\/2023\/07\/Starre-Gasveer-met-Kabelbediening-in-Gecomprimeerde-Richting.jpg\" alt=\"Blockierbare Gasdruckfeder\" width=\"849\" height=\"338\" \/><\/p>\n<p>In Druckrichtung arretierbar, in Zugrichtung d\u00e4mpfend<br \/>\nAnwendungsbeispiele<br \/>\nNeigungsverstellung von Massage-, Behandlungs- und Transportliegen (Tragen)<br \/>\nNeigungsverstellung von Lenks\u00e4ulen an Bau- und Landmaschinen<br \/>\nMassageliegen, Armlehnen und Fu\u00dfst\u00fctzen<\/p>\n<h3>Blockierbare Gasdruckfeder<\/h3>\n<p><img decoding=\"async\" class=\"lazyload aligncenter\" src=\"data:image\/svg+xml,%3Csvg%20xmlns%3D%27http%3A%2F%2Fwww.w3.org%2F2000%2Fsvg%27%20width%3D%27849%27%20height%3D%27338%27%20viewBox%3D%270%200%20849%20338%27%3E%3Crect%20width%3D%27849%27%20height%3D%27338%27%20fill-opacity%3D%220%22%2F%3E%3C%2Fsvg%3E\" data-orig-src=\"https:\/\/www.gastac.com\/wp-content\/uploads\/2023\/07\/%E6%9C%AA%E6%A0%87%E9%A2%98-6.jpg\" alt=\"Blockierbare Gasdruckfeder\" width=\"849\" height=\"338\" \/><\/p>\n<p>Sch\u00fctzen Sie Material und Ausr\u00fcstung unter schweren Lasten \u2013 diese Gasfedern verriegeln sich automatisch, wenn sie vollst\u00e4ndig ausgefahren sind, sodass sie erst geschlossen werden k\u00f6nnen, wenn dies sicher m\u00f6glich ist. Sie werden h\u00e4ufig in kritischen Hebehilfeanwendungen wie dem \u00d6ffnen von Maschinenschutzvorrichtungen, Zugangsluken und Lagerf\u00e4chern verwendet. Ziehen Sie zum Entriegeln am Knopf, damit die Gasfeder komprimiert werden kann. Gasfedern haben zur Befestigung an jedem Ende eine Kugelpfanne und einen Kugelbolzen. Kugelpfannen-Endst\u00fccke lassen sich auf dem Kugelbolzen in jede Richtung drehen, um Fehlausrichtungen auszugleichen.<\/p>\n<h3>Gasdruckfeder Mit Verriegelung<\/h3>\n<p><img decoding=\"async\" class=\"lazyload aligncenter\" src=\"data:image\/svg+xml,%3Csvg%20xmlns%3D%27http%3A%2F%2Fwww.w3.org%2F2000%2Fsvg%27%20width%3D%27849%27%20height%3D%27338%27%20viewBox%3D%270%200%20849%20338%27%3E%3Crect%20width%3D%27849%27%20height%3D%27338%27%20fill-opacity%3D%220%22%2F%3E%3C%2Fsvg%3E\" data-orig-src=\"https:\/\/www.gastac.com\/wp-content\/uploads\/2023\/07\/gasveer-blokkeerbaar.jpg\" alt=\"Blockierbare Gasdruckfeder\" width=\"849\" height=\"338\" \/><\/p>\n<p>Diese Gasfedern verriegeln sich automatisch, wenn sie vollst\u00e4ndig ausgefahren sind, und sch\u00fctzen Material und Ausr\u00fcstung unter schweren Lasten in feuchten Umgebungen. Sie werden h\u00e4ufig verwendet, um die Kraft zu steuern, mit der Maschinenschutzvorrichtungen, Zugangsluken, Lagerf\u00e4cher und andere Hebehilfen ge\u00f6ffnet und geschlossen werden. Dr\u00fccken Sie auf die \u00fcberlappende H\u00fclse, um diese Gasfedern zu entriegeln, wenn sie sicher zusammengedr\u00fcckt werden k\u00f6nnen. Zur Montage verf\u00fcgt jedes Ende \u00fcber eine Kugelpfanne und einen Kugelbolzen; die Fassung l\u00e4sst sich in jede Richtung auf dem Bolzen drehen, um Fehlausrichtungen auszugleichen.<\/p>\n<h2>Welche Einsatzm\u00f6glichkeiten gibt es f\u00fcr blockierbare Gasdruckfedern?<\/h2>\n<p>Blockierbare Gasfedern werden h\u00e4ufig in M\u00f6beln, medizinischen Einrichtungen sowie Fitness- und Unterhaltungseinrichtungen eingesetzt. Sie erm\u00f6glichen das Abstellen von Rollst\u00fchlen und Friseurst\u00fchlen in jeder gew\u00fcnschten Position und sorgen auch f\u00fcr eine pr\u00e4zise H\u00f6hen- und Neigungsverstellung von medizinischen Ger\u00e4ten oder B\u00fcrost\u00fchlen.<\/p>\n<p>-Stehpult-Konverter<br \/>\n-Pneumatisches Stehpult<br \/>\n-Theatersitze<br \/>\n-Dialysest\u00fchle<br \/>\n-Neigbares Lenkrad<br \/>\n-Friseurstuhl<br \/>\n-EVA-Gehhilfe<br \/>\n-Reisebussitz<br \/>\n-Zugsitz<br \/>\n-Rollstuhl<br \/>\n-Massagetisch<br \/>\n-Relaxsessel<br \/>\n-Krankenhausbett<br \/>\n-Krankenwagentrage<br \/>\n-Rehabilitationsger\u00e4te<br \/>\n-Trainingsger\u00e4te<br \/>\n-Therapietische<\/p>\n<p>&nbsp;<\/p>\n<h2>Was sind die Vorteile der GASTAC Blockierbaren Gasdruckfeder?<\/h2>\n<p>-Unsere blockierbare Gasdruckfeder erm\u00f6glicht eine stufenlose Arretierung in jeder Hubposition, ob flexibel (\u201eelastisch\u201c) oder starr. Unsere Besonderheiten bieten besondere Vorteile in Bezug auf Komfort und Handhabung.<br \/>\n-Lange Lebensdauer durch hochwertige, materialien Hohe Belastbarkeit und Verschlei\u00dffestigkeit.<br \/>\n-Einfach schnell, sicher und ungef\u00e4hrlich zu installieren und bietet vielf\u00e4ltige Einsatzm\u00f6glichkeiten im Leben.<br \/>\n-Mit einer Vielzahl von Verbindungselementen und Ausl\u00f6sesystemen komplettieren wir unsere Produktpalette und bieten Ihnen f\u00fcr jede Anwendung die richtige blockierbare Gasdruckfeder.<\/p>\n<p>&nbsp;<\/p>\n<h2>Kann eine blockierbare Gasdruckfeder repariert werden?<\/h2>\n<p>Die Reparatur einer blockierbaren Gasdruckfeder beginnt mit dem sicheren Entlasten der Feder, um Unf\u00e4lle zu vermeiden. Nach dem \u00d6ffnen der Feder werden defekte Teile wie Dichtungen oder Ventile identifiziert und ausgetauscht. Anschlie\u00dfend wird die Feder sorgf\u00e4ltig wieder zusammengebaut. Abschlie\u00dfend testet man die Funktion, um sicherzustellen, dass die Feder wieder reibungslos und sicher arbeitet.<\/p>\n<p>Nat\u00fcrlich handelt es sich bei der blockierbaren Gasdruckfeder um ein feinmechanisches Produkt. Sollte sie nicht funktionieren oder besch\u00e4digt sein, empfiehlt es sich, sie auszutauschen, anstatt sie zu reparieren.<\/p>\n<p>&nbsp;<\/p>\n<h2>Blockierbare Gasdruckfeder Anwendung<\/h2>\n<p><img decoding=\"async\" class=\"lazyload aligncenter\" src=\"data:image\/svg+xml,%3Csvg%20xmlns%3D%27http%3A%2F%2Fwww.w3.org%2F2000%2Fsvg%27%20width%3D%27729%27%20height%3D%27635%27%20viewBox%3D%270%200%20729%20635%27%3E%3Crect%20width%3D%27729%27%20height%3D%27635%27%20fill-opacity%3D%220%22%2F%3E%3C%2Fsvg%3E\" data-orig-src=\"https:\/\/www.gastac.com\/wp-content\/uploads\/2023\/06\/Gasdruckfeder-Mit-Arretierung-Anwendung-919x800.jpg\" alt=\"Blockierbare Gasdruckfeder\" width=\"729\" height=\"635\" \/><\/p>\n","protected":false},"excerpt":{"rendered":"<p>Blockierbare Gasdruckfeder So ist beispielsweise die Blockierbare Gasdruckfeder f\u00fcr Gartenm\u00f6bel auf maximalen Komfort ausgelegt. Sch\u00f6ne Gartenm\u00f6bel verbessern die betriebliche Effizienz  [&#8230;]<\/p>\n","protected":false},"featured_media":18627,"comment_status":"open","ping_status":"closed","template":"","meta":[],"product_brand":[],"product_cat":[109],"product_tag":[],"class_list":{"0":"post-18609","1":"product","2":"type-product","3":"status-publish","4":"has-post-thumbnail","6":"product_cat-nicht-kategorisiert","8":"first","9":"instock","10":"shipping-taxable","11":"product-type-simple"},"yoast_head":"<!-- This site is optimized with the Yoast SEO Premium plugin v26.2 (Yoast SEO v27.3) - https:\/\/yoast.com\/product\/yoast-seo-premium-wordpress\/ -->\n<title>Blockierbare Gasdruckfeder | Gastac Gas Spring<\/title>\n<meta name=\"robots\" content=\"index, follow, max-snippet:-1, max-image-preview:large, max-video-preview:-1\" \/>\n<link rel=\"canonical\" href=\"https:\/\/www.gastac.com\/de\/produkt\/blockierbare-gasdruckfeder\/\" \/>\n<meta property=\"og:locale\" content=\"de_DE\" \/>\n<meta property=\"og:type\" content=\"article\" \/>\n<meta property=\"og:title\" content=\"Blockierbare Gasdruckfeder\" \/>\n<meta property=\"og:description\" content=\"Blockierbare Gasdruckfeder So ist beispielsweise die Blockierbare Gasdruckfeder f\u00fcr Gartenm\u00f6bel auf maximalen Komfort ausgelegt. Sch\u00f6ne Gartenm\u00f6bel verbessern die betriebliche Effizienz [...]\" \/>\n<meta property=\"og:url\" content=\"https:\/\/www.gastac.com\/de\/produkt\/blockierbare-gasdruckfeder\/\" \/>\n<meta property=\"og:site_name\" content=\"Gastac Gas Spring\" \/>\n<meta property=\"article:publisher\" content=\"https:\/\/www.facebook.com\/profile.php?id=100092358464608\" \/>\n<meta property=\"og:image\" content=\"https:\/\/www.gastac.com\/wp-content\/uploads\/2025\/11\/gasdruckfeder-blockierbar-shop-1-600x600-1.webp\" \/>\n\t<meta property=\"og:image:width\" content=\"600\" \/>\n\t<meta property=\"og:image:height\" content=\"600\" \/>\n\t<meta property=\"og:image:type\" content=\"image\/webp\" \/>\n<meta name=\"twitter:card\" content=\"summary_large_image\" \/>\n<meta name=\"twitter:label1\" content=\"Gesch\u00e4tzte Lesezeit\" \/>\n\t<meta name=\"twitter:data1\" content=\"1\u00a0Minute\" \/>\n<script type=\"application\/ld+json\" class=\"yoast-schema-graph\">{\"@context\":\"https:\\\/\\\/schema.org\",\"@graph\":[{\"@type\":\"WebPage\",\"@id\":\"https:\\\/\\\/www.gastac.com\\\/de\\\/produkt\\\/blockierbare-gasdruckfeder\\\/\",\"url\":\"https:\\\/\\\/www.gastac.com\\\/de\\\/produkt\\\/blockierbare-gasdruckfeder\\\/\",\"name\":\"Blockierbare Gasdruckfeder | Gastac Gas Spring\",\"isPartOf\":{\"@id\":\"https:\\\/\\\/www.gastac.com\\\/de\\\/#website\"},\"primaryImageOfPage\":{\"@id\":\"https:\\\/\\\/www.gastac.com\\\/de\\\/produkt\\\/blockierbare-gasdruckfeder\\\/#primaryimage\"},\"image\":{\"@id\":\"https:\\\/\\\/www.gastac.com\\\/de\\\/produkt\\\/blockierbare-gasdruckfeder\\\/#primaryimage\"},\"thumbnailUrl\":\"https:\\\/\\\/www.gastac.com\\\/wp-content\\\/uploads\\\/2025\\\/11\\\/gasdruckfeder-blockierbar-shop-1-600x600-1.webp\",\"datePublished\":\"2025-11-12T05:50:05+00:00\",\"breadcrumb\":{\"@id\":\"https:\\\/\\\/www.gastac.com\\\/de\\\/produkt\\\/blockierbare-gasdruckfeder\\\/#breadcrumb\"},\"inLanguage\":\"de\",\"potentialAction\":[{\"@type\":\"ReadAction\",\"target\":[\"https:\\\/\\\/www.gastac.com\\\/de\\\/produkt\\\/blockierbare-gasdruckfeder\\\/\"]}]},{\"@type\":\"ImageObject\",\"inLanguage\":\"de\",\"@id\":\"https:\\\/\\\/www.gastac.com\\\/de\\\/produkt\\\/blockierbare-gasdruckfeder\\\/#primaryimage\",\"url\":\"https:\\\/\\\/www.gastac.com\\\/wp-content\\\/uploads\\\/2025\\\/11\\\/gasdruckfeder-blockierbar-shop-1-600x600-1.webp\",\"contentUrl\":\"https:\\\/\\\/www.gastac.com\\\/wp-content\\\/uploads\\\/2025\\\/11\\\/gasdruckfeder-blockierbar-shop-1-600x600-1.webp\",\"width\":600,\"height\":600,\"caption\":\"gasdruckfeder blockierbar shop 1 600x600\"},{\"@type\":\"BreadcrumbList\",\"@id\":\"https:\\\/\\\/www.gastac.com\\\/de\\\/produkt\\\/blockierbare-gasdruckfeder\\\/#breadcrumb\",\"itemListElement\":[{\"@type\":\"ListItem\",\"position\":1,\"name\":\"Home\",\"item\":\"https:\\\/\\\/www.gastac.com\\\/de\\\/\"},{\"@type\":\"ListItem\",\"position\":2,\"name\":\"products\",\"item\":\"https:\\\/\\\/www.gastac.com\\\/de\\\/products\\\/\"},{\"@type\":\"ListItem\",\"position\":3,\"name\":\"Nicht kategorisiert\",\"item\":\"https:\\\/\\\/www.gastac.com\\\/de\\\/product-category\\\/nicht-kategorisiert\\\/\"},{\"@type\":\"ListItem\",\"position\":4,\"name\":\"Blockierbare Gasdruckfeder\"}]},{\"@type\":\"WebSite\",\"@id\":\"https:\\\/\\\/www.gastac.com\\\/de\\\/#website\",\"url\":\"https:\\\/\\\/www.gastac.com\\\/de\\\/\",\"name\":\"Gastac Gas Spring\",\"description\":\"China\u2019s Leading Gas Springs &amp; Struts Manufacturer\",\"publisher\":{\"@id\":\"https:\\\/\\\/www.gastac.com\\\/de\\\/#organization\"},\"potentialAction\":[{\"@type\":\"SearchAction\",\"target\":{\"@type\":\"EntryPoint\",\"urlTemplate\":\"https:\\\/\\\/www.gastac.com\\\/de\\\/?s={search_term_string}\"},\"query-input\":{\"@type\":\"PropertyValueSpecification\",\"valueRequired\":true,\"valueName\":\"search_term_string\"}}],\"inLanguage\":\"de\"},{\"@type\":\"Organization\",\"@id\":\"https:\\\/\\\/www.gastac.com\\\/de\\\/#organization\",\"name\":\"Ningbo Gastac Gas Spring Co.,Ltd\",\"url\":\"https:\\\/\\\/www.gastac.com\\\/de\\\/\",\"logo\":{\"@type\":\"ImageObject\",\"inLanguage\":\"de\",\"@id\":\"https:\\\/\\\/www.gastac.com\\\/de\\\/#\\\/schema\\\/logo\\\/image\\\/\",\"url\":\"https:\\\/\\\/www.gastac.com\\\/wp-content\\\/uploads\\\/2025\\\/09\\\/LOGO\u672c\u8272-\u9ed1.webp\",\"contentUrl\":\"https:\\\/\\\/www.gastac.com\\\/wp-content\\\/uploads\\\/2025\\\/09\\\/LOGO\u672c\u8272-\u9ed1.webp\",\"width\":1920,\"height\":1080,\"caption\":\"Ningbo Gastac Gas Spring Co.,Ltd\"},\"image\":{\"@id\":\"https:\\\/\\\/www.gastac.com\\\/de\\\/#\\\/schema\\\/logo\\\/image\\\/\"},\"sameAs\":[\"https:\\\/\\\/www.facebook.com\\\/profile.php?id=100092358464608\",\"https:\\\/\\\/www.youtube.com\\\/@Gastac-Gas-Spring\",\"https:\\\/\\\/www.linkedin.com\\\/in\\\/gastac-gas-spring\\\/\",\"https:\\\/\\\/www.instagram.com\\\/gastacgasspring\\\/\"]}]}<\/script>\n<!-- \/ Yoast SEO Premium plugin. -->","yoast_head_json":{"title":"Blockierbare Gasdruckfeder | Gastac Gas Spring","robots":{"index":"index","follow":"follow","max-snippet":"max-snippet:-1","max-image-preview":"max-image-preview:large","max-video-preview":"max-video-preview:-1"},"canonical":"https:\/\/www.gastac.com\/de\/produkt\/blockierbare-gasdruckfeder\/","og_locale":"de_DE","og_type":"article","og_title":"Blockierbare Gasdruckfeder","og_description":"Blockierbare Gasdruckfeder So ist beispielsweise die Blockierbare Gasdruckfeder f\u00fcr Gartenm\u00f6bel auf maximalen Komfort ausgelegt. Sch\u00f6ne Gartenm\u00f6bel verbessern die betriebliche Effizienz [...]","og_url":"https:\/\/www.gastac.com\/de\/produkt\/blockierbare-gasdruckfeder\/","og_site_name":"Gastac Gas Spring","article_publisher":"https:\/\/www.facebook.com\/profile.php?id=100092358464608","og_image":[{"width":600,"height":600,"url":"https:\/\/www.gastac.com\/wp-content\/uploads\/2025\/11\/gasdruckfeder-blockierbar-shop-1-600x600-1.webp","type":"image\/webp"}],"twitter_card":"summary_large_image","twitter_misc":{"Gesch\u00e4tzte Lesezeit":"1\u00a0Minute"},"schema":{"@context":"https:\/\/schema.org","@graph":[{"@type":"WebPage","@id":"https:\/\/www.gastac.com\/de\/produkt\/blockierbare-gasdruckfeder\/","url":"https:\/\/www.gastac.com\/de\/produkt\/blockierbare-gasdruckfeder\/","name":"Blockierbare Gasdruckfeder | Gastac Gas Spring","isPartOf":{"@id":"https:\/\/www.gastac.com\/de\/#website"},"primaryImageOfPage":{"@id":"https:\/\/www.gastac.com\/de\/produkt\/blockierbare-gasdruckfeder\/#primaryimage"},"image":{"@id":"https:\/\/www.gastac.com\/de\/produkt\/blockierbare-gasdruckfeder\/#primaryimage"},"thumbnailUrl":"https:\/\/www.gastac.com\/wp-content\/uploads\/2025\/11\/gasdruckfeder-blockierbar-shop-1-600x600-1.webp","datePublished":"2025-11-12T05:50:05+00:00","breadcrumb":{"@id":"https:\/\/www.gastac.com\/de\/produkt\/blockierbare-gasdruckfeder\/#breadcrumb"},"inLanguage":"de","potentialAction":[{"@type":"ReadAction","target":["https:\/\/www.gastac.com\/de\/produkt\/blockierbare-gasdruckfeder\/"]}]},{"@type":"ImageObject","inLanguage":"de","@id":"https:\/\/www.gastac.com\/de\/produkt\/blockierbare-gasdruckfeder\/#primaryimage","url":"https:\/\/www.gastac.com\/wp-content\/uploads\/2025\/11\/gasdruckfeder-blockierbar-shop-1-600x600-1.webp","contentUrl":"https:\/\/www.gastac.com\/wp-content\/uploads\/2025\/11\/gasdruckfeder-blockierbar-shop-1-600x600-1.webp","width":600,"height":600,"caption":"gasdruckfeder blockierbar shop 1 600x600"},{"@type":"BreadcrumbList","@id":"https:\/\/www.gastac.com\/de\/produkt\/blockierbare-gasdruckfeder\/#breadcrumb","itemListElement":[{"@type":"ListItem","position":1,"name":"Home","item":"https:\/\/www.gastac.com\/de\/"},{"@type":"ListItem","position":2,"name":"products","item":"https:\/\/www.gastac.com\/de\/products\/"},{"@type":"ListItem","position":3,"name":"Nicht kategorisiert","item":"https:\/\/www.gastac.com\/de\/product-category\/nicht-kategorisiert\/"},{"@type":"ListItem","position":4,"name":"Blockierbare Gasdruckfeder"}]},{"@type":"WebSite","@id":"https:\/\/www.gastac.com\/de\/#website","url":"https:\/\/www.gastac.com\/de\/","name":"Gastac Gas Spring","description":"China\u2019s Leading Gas Springs &amp; Struts Manufacturer","publisher":{"@id":"https:\/\/www.gastac.com\/de\/#organization"},"potentialAction":[{"@type":"SearchAction","target":{"@type":"EntryPoint","urlTemplate":"https:\/\/www.gastac.com\/de\/?s={search_term_string}"},"query-input":{"@type":"PropertyValueSpecification","valueRequired":true,"valueName":"search_term_string"}}],"inLanguage":"de"},{"@type":"Organization","@id":"https:\/\/www.gastac.com\/de\/#organization","name":"Ningbo Gastac Gas Spring Co.,Ltd","url":"https:\/\/www.gastac.com\/de\/","logo":{"@type":"ImageObject","inLanguage":"de","@id":"https:\/\/www.gastac.com\/de\/#\/schema\/logo\/image\/","url":"https:\/\/www.gastac.com\/wp-content\/uploads\/2025\/09\/LOGO\u672c\u8272-\u9ed1.webp","contentUrl":"https:\/\/www.gastac.com\/wp-content\/uploads\/2025\/09\/LOGO\u672c\u8272-\u9ed1.webp","width":1920,"height":1080,"caption":"Ningbo Gastac Gas Spring Co.,Ltd"},"image":{"@id":"https:\/\/www.gastac.com\/de\/#\/schema\/logo\/image\/"},"sameAs":["https:\/\/www.facebook.com\/profile.php?id=100092358464608","https:\/\/www.youtube.com\/@Gastac-Gas-Spring","https:\/\/www.linkedin.com\/in\/gastac-gas-spring\/","https:\/\/www.instagram.com\/gastacgasspring\/"]}]}},"_links":{"self":[{"href":"https:\/\/www.gastac.com\/de\/wp-json\/wp\/v2\/product\/18609","targetHints":{"allow":["GET"]}}],"collection":[{"href":"https:\/\/www.gastac.com\/de\/wp-json\/wp\/v2\/product"}],"about":[{"href":"https:\/\/www.gastac.com\/de\/wp-json\/wp\/v2\/types\/product"}],"replies":[{"embeddable":true,"href":"https:\/\/www.gastac.com\/de\/wp-json\/wp\/v2\/comments?post=18609"}],"wp:featuredmedia":[{"embeddable":true,"href":"https:\/\/www.gastac.com\/de\/wp-json\/wp\/v2\/media\/18627"}],"wp:attachment":[{"href":"https:\/\/www.gastac.com\/de\/wp-json\/wp\/v2\/media?parent=18609"}],"wp:term":[{"taxonomy":"product_brand","embeddable":true,"href":"https:\/\/www.gastac.com\/de\/wp-json\/wp\/v2\/product_brand?post=18609"},{"taxonomy":"product_cat","embeddable":true,"href":"https:\/\/www.gastac.com\/de\/wp-json\/wp\/v2\/product_cat?post=18609"},{"taxonomy":"product_tag","embeddable":true,"href":"https:\/\/www.gastac.com\/de\/wp-json\/wp\/v2\/product_tag?post=18609"}],"curies":[{"name":"wp","href":"https:\/\/api.w.org\/{rel}","templated":true}]}}