{"id":18594,"date":"2025-11-12T05:34:27","date_gmt":"2025-11-12T05:34:27","guid":{"rendered":"https:\/\/www.gastac.com\/?post_type=product&#038;p=18594"},"modified":"2025-11-12T05:34:28","modified_gmt":"2025-11-12T05:34:28","slug":"peko-verdeck-fendt-gasdruckfeder","status":"publish","type":"product","link":"https:\/\/www.gastac.com\/de\/produkt\/peko-verdeck-fendt-gasdruckfeder\/","title":{"rendered":"Peko Verdeck Fendt Gasdruckfeder"},"content":{"rendered":"<p><strong>Peko verdeck fendt gasdruckfeder<\/strong><\/p>\n<div>\n<div>Wir verkaufen 2 Gasfedern f\u00fcr Dieteg-Traktoren, Tracktor Top \/ dieteg f8000 gasdruckfeder, Gasdruckfederd\u00e4mpfer, Lifter, peko verdeck fendt gasdruckfeder, gasdruckfeder.<\/div>\n<div><\/div>\n<div>Achtung! ! ! Das Kreuzgelenk am Zylinder ist f\u00fcr uns ein Kreuzgelenk der besonderen Art und auf das Gewinde geschraubt! Es ist st\u00e4rker und stabiler! Bei der Konkurrenz wird es meist geschwei\u00dft. Gel\u00f6tete sind schw\u00e4cher und brechen h\u00e4ufiger! Sparen Sie nicht auf der falschen Seite. Kaufen Sie Qualit\u00e4tsartikel bei uns.<\/div>\n<div><\/div>\n<div>Hergestellt nach internationalen Normen und Standards!<\/div>\n<div>Hergestellt in einer ISO-zertifizierten Einrichtung!<\/div>\n<div>Gelenkaugen sind stabiler und brechen nicht!<\/div>\n<div>Das \u00d6l geht nicht in kurzer Zeit aus!<\/div>\n<div>Kein Stressverlust nach kurzer Zeit!<\/div>\n<div><\/div>\n<div><\/div>\n<div>OE: 32147<\/div>\n<div><\/div>\n<div>Artikel: 215-55-10-22-1100N-A8-A8-ST<\/div>\n<div><\/div>\n<div>Dehnungsl\u00e4nge: 215 mm<\/div>\n<div>Hub: 55 mm<\/div>\n<div>Kraft (F1): 1100 N<\/div>\n<div>Kolbenstangendurchmesser: 10 mm<\/div>\n<div>Zylinderdurchmesser: 22 mm<\/div>\n<div><\/div>\n<\/div>\n<div><strong>Gasdruckfede Anwendung<\/strong><\/div>\n<p><img decoding=\"async\" class=\"lazyload \" src=\"data:image\/svg+xml,%3Csvg%20xmlns%3D%27http%3A%2F%2Fwww.w3.org%2F2000%2Fsvg%27%20width%3D%27336%27%20height%3D%27252%27%20viewBox%3D%270%200%20336%20252%27%3E%3Crect%20width%3D%27336%27%20height%3D%27252%27%20fill-opacity%3D%220%22%2F%3E%3C%2Fsvg%3E\" data-orig-src=\"https:\/\/gastac.com\/wp-content\/uploads\/2023\/06\/dieteg-f8000-gasdruckfeder-533x400.jpg\" alt=\"Peko Verdeck Fendt Gasdruckfeder \" width=\"336\" height=\"252\" \/><img decoding=\"async\" class=\"lazyload \" src=\"data:image\/svg+xml,%3Csvg%20xmlns%3D%27http%3A%2F%2Fwww.w3.org%2F2000%2Fsvg%27%20width%3D%27335%27%20height%3D%27251%27%20viewBox%3D%270%200%20335%20251%27%3E%3Crect%20width%3D%27335%27%20height%3D%27251%27%20fill-opacity%3D%220%22%2F%3E%3C%2Fsvg%3E\" data-orig-src=\"https:\/\/gastac.com\/wp-content\/uploads\/2023\/06\/peko-verdeck-fendt-gasdruckfeder.jpg\" alt=\"Peko Verdeck Fendt Gasdruckfeder \" width=\"335\" height=\"251\" \/><\/p>\n","protected":false},"excerpt":{"rendered":"<p>Peko verdeck fendt gasdruckfeder Wir verkaufen 2 Gasfedern f\u00fcr Dieteg-Traktoren, Tracktor Top \/ dieteg f8000 gasdruckfeder, Gasdruckfederd\u00e4mpfer, Lifter, peko verdeck  [&#8230;]<\/p>\n","protected":false},"featured_media":18600,"comment_status":"open","ping_status":"closed","template":"","meta":[],"product_brand":[],"product_cat":[109],"product_tag":[],"class_list":{"0":"post-18594","1":"product","2":"type-product","3":"status-publish","4":"has-post-thumbnail","6":"product_cat-nicht-kategorisiert","8":"first","9":"instock","10":"shipping-taxable","11":"product-type-simple"},"yoast_head":"<!-- This site is optimized with the Yoast SEO Premium plugin v26.2 (Yoast SEO v27.5) - https:\/\/yoast.com\/product\/yoast-seo-premium-wordpress\/ -->\n<title>Peko Verdeck Fendt Gasdruckfeder | Gastac Gas Spring<\/title>\n<meta name=\"robots\" content=\"index, follow, max-snippet:-1, max-image-preview:large, max-video-preview:-1\" \/>\n<link rel=\"canonical\" href=\"https:\/\/www.gastac.com\/de\/produkt\/peko-verdeck-fendt-gasdruckfeder\/\" \/>\n<meta property=\"og:locale\" content=\"de_DE\" \/>\n<meta property=\"og:type\" content=\"article\" \/>\n<meta property=\"og:title\" content=\"Peko Verdeck Fendt Gasdruckfeder\" \/>\n<meta property=\"og:description\" content=\"Peko verdeck fendt gasdruckfeder Wir verkaufen 2 Gasfedern f\u00fcr Dieteg-Traktoren, Tracktor Top \/ dieteg f8000 gasdruckfeder, Gasdruckfederd\u00e4mpfer, Lifter, peko verdeck [...]\" \/>\n<meta property=\"og:url\" content=\"https:\/\/www.gastac.com\/de\/produkt\/peko-verdeck-fendt-gasdruckfeder\/\" \/>\n<meta property=\"og:site_name\" content=\"Gastac Gas Spring\" \/>\n<meta property=\"article:publisher\" content=\"https:\/\/www.facebook.com\/profile.php?id=100092358464608\" \/>\n<meta property=\"article:modified_time\" content=\"2025-11-12T05:34:28+00:00\" \/>\n<meta property=\"og:image\" content=\"https:\/\/www.gastac.com\/wp-content\/uploads\/2025\/11\/gasfeder-dampfer-scaled-1.webp\" \/>\n\t<meta property=\"og:image:width\" content=\"1600\" \/>\n\t<meta property=\"og:image:height\" content=\"1200\" \/>\n\t<meta property=\"og:image:type\" content=\"image\/webp\" \/>\n<meta name=\"twitter:card\" content=\"summary_large_image\" \/>\n<meta name=\"twitter:label1\" content=\"Gesch\u00e4tzte Lesezeit\" \/>\n\t<meta name=\"twitter:data1\" content=\"1\u00a0Minute\" \/>\n<script type=\"application\/ld+json\" class=\"yoast-schema-graph\">{\"@context\":\"https:\\\/\\\/schema.org\",\"@graph\":[{\"@type\":\"WebPage\",\"@id\":\"https:\\\/\\\/www.gastac.com\\\/de\\\/produkt\\\/peko-verdeck-fendt-gasdruckfeder\\\/\",\"url\":\"https:\\\/\\\/www.gastac.com\\\/de\\\/produkt\\\/peko-verdeck-fendt-gasdruckfeder\\\/\",\"name\":\"Peko Verdeck Fendt Gasdruckfeder | Gastac Gas Spring\",\"isPartOf\":{\"@id\":\"https:\\\/\\\/www.gastac.com\\\/de\\\/#website\"},\"primaryImageOfPage\":{\"@id\":\"https:\\\/\\\/www.gastac.com\\\/de\\\/produkt\\\/peko-verdeck-fendt-gasdruckfeder\\\/#primaryimage\"},\"image\":{\"@id\":\"https:\\\/\\\/www.gastac.com\\\/de\\\/produkt\\\/peko-verdeck-fendt-gasdruckfeder\\\/#primaryimage\"},\"thumbnailUrl\":\"https:\\\/\\\/www.gastac.com\\\/wp-content\\\/uploads\\\/2025\\\/11\\\/gasfeder-dampfer-scaled-1.webp\",\"datePublished\":\"2025-11-12T05:34:27+00:00\",\"dateModified\":\"2025-11-12T05:34:28+00:00\",\"breadcrumb\":{\"@id\":\"https:\\\/\\\/www.gastac.com\\\/de\\\/produkt\\\/peko-verdeck-fendt-gasdruckfeder\\\/#breadcrumb\"},\"inLanguage\":\"de\",\"potentialAction\":[{\"@type\":\"ReadAction\",\"target\":[\"https:\\\/\\\/www.gastac.com\\\/de\\\/produkt\\\/peko-verdeck-fendt-gasdruckfeder\\\/\"]}]},{\"@type\":\"ImageObject\",\"inLanguage\":\"de\",\"@id\":\"https:\\\/\\\/www.gastac.com\\\/de\\\/produkt\\\/peko-verdeck-fendt-gasdruckfeder\\\/#primaryimage\",\"url\":\"https:\\\/\\\/www.gastac.com\\\/wp-content\\\/uploads\\\/2025\\\/11\\\/gasfeder-dampfer-scaled-1.webp\",\"contentUrl\":\"https:\\\/\\\/www.gastac.com\\\/wp-content\\\/uploads\\\/2025\\\/11\\\/gasfeder-dampfer-scaled-1.webp\",\"width\":1600,\"height\":1200,\"caption\":\"gasfeder dampfer scaled\"},{\"@type\":\"BreadcrumbList\",\"@id\":\"https:\\\/\\\/www.gastac.com\\\/de\\\/produkt\\\/peko-verdeck-fendt-gasdruckfeder\\\/#breadcrumb\",\"itemListElement\":[{\"@type\":\"ListItem\",\"position\":1,\"name\":\"Home\",\"item\":\"https:\\\/\\\/www.gastac.com\\\/de\\\/\"},{\"@type\":\"ListItem\",\"position\":2,\"name\":\"products\",\"item\":\"https:\\\/\\\/www.gastac.com\\\/de\\\/products\\\/\"},{\"@type\":\"ListItem\",\"position\":3,\"name\":\"Nicht kategorisiert\",\"item\":\"https:\\\/\\\/www.gastac.com\\\/de\\\/product-category\\\/nicht-kategorisiert\\\/\"},{\"@type\":\"ListItem\",\"position\":4,\"name\":\"Peko Verdeck Fendt Gasdruckfeder\"}]},{\"@type\":\"WebSite\",\"@id\":\"https:\\\/\\\/www.gastac.com\\\/de\\\/#website\",\"url\":\"https:\\\/\\\/www.gastac.com\\\/de\\\/\",\"name\":\"Gastac Gas Spring\",\"description\":\"China\u2019s Leading Gas Springs &amp; Struts Manufacturer\",\"publisher\":{\"@id\":\"https:\\\/\\\/www.gastac.com\\\/de\\\/#organization\"},\"potentialAction\":[{\"@type\":\"SearchAction\",\"target\":{\"@type\":\"EntryPoint\",\"urlTemplate\":\"https:\\\/\\\/www.gastac.com\\\/de\\\/?s={search_term_string}\"},\"query-input\":{\"@type\":\"PropertyValueSpecification\",\"valueRequired\":true,\"valueName\":\"search_term_string\"}}],\"inLanguage\":\"de\"},{\"@type\":\"Organization\",\"@id\":\"https:\\\/\\\/www.gastac.com\\\/de\\\/#organization\",\"name\":\"Ningbo Gastac Gas Spring Co.,Ltd\",\"url\":\"https:\\\/\\\/www.gastac.com\\\/de\\\/\",\"logo\":{\"@type\":\"ImageObject\",\"inLanguage\":\"de\",\"@id\":\"https:\\\/\\\/www.gastac.com\\\/de\\\/#\\\/schema\\\/logo\\\/image\\\/\",\"url\":\"https:\\\/\\\/www.gastac.com\\\/wp-content\\\/uploads\\\/2025\\\/09\\\/LOGO\u672c\u8272-\u9ed1.webp\",\"contentUrl\":\"https:\\\/\\\/www.gastac.com\\\/wp-content\\\/uploads\\\/2025\\\/09\\\/LOGO\u672c\u8272-\u9ed1.webp\",\"width\":1920,\"height\":1080,\"caption\":\"Ningbo Gastac Gas Spring Co.,Ltd\"},\"image\":{\"@id\":\"https:\\\/\\\/www.gastac.com\\\/de\\\/#\\\/schema\\\/logo\\\/image\\\/\"},\"sameAs\":[\"https:\\\/\\\/www.facebook.com\\\/profile.php?id=100092358464608\",\"https:\\\/\\\/www.youtube.com\\\/@Gastac-Gas-Spring\",\"https:\\\/\\\/www.linkedin.com\\\/in\\\/gastac-gas-spring\\\/\",\"https:\\\/\\\/www.instagram.com\\\/gastacgasspring\\\/\"]}]}<\/script>\n<!-- \/ Yoast SEO Premium plugin. -->","yoast_head_json":{"title":"Peko Verdeck Fendt Gasdruckfeder | Gastac Gas Spring","robots":{"index":"index","follow":"follow","max-snippet":"max-snippet:-1","max-image-preview":"max-image-preview:large","max-video-preview":"max-video-preview:-1"},"canonical":"https:\/\/www.gastac.com\/de\/produkt\/peko-verdeck-fendt-gasdruckfeder\/","og_locale":"de_DE","og_type":"article","og_title":"Peko Verdeck Fendt Gasdruckfeder","og_description":"Peko verdeck fendt gasdruckfeder Wir verkaufen 2 Gasfedern f\u00fcr Dieteg-Traktoren, Tracktor Top \/ dieteg f8000 gasdruckfeder, Gasdruckfederd\u00e4mpfer, Lifter, peko verdeck [...]","og_url":"https:\/\/www.gastac.com\/de\/produkt\/peko-verdeck-fendt-gasdruckfeder\/","og_site_name":"Gastac Gas Spring","article_publisher":"https:\/\/www.facebook.com\/profile.php?id=100092358464608","article_modified_time":"2025-11-12T05:34:28+00:00","og_image":[{"width":1600,"height":1200,"url":"https:\/\/www.gastac.com\/wp-content\/uploads\/2025\/11\/gasfeder-dampfer-scaled-1.webp","type":"image\/webp"}],"twitter_card":"summary_large_image","twitter_misc":{"Gesch\u00e4tzte Lesezeit":"1\u00a0Minute"},"schema":{"@context":"https:\/\/schema.org","@graph":[{"@type":"WebPage","@id":"https:\/\/www.gastac.com\/de\/produkt\/peko-verdeck-fendt-gasdruckfeder\/","url":"https:\/\/www.gastac.com\/de\/produkt\/peko-verdeck-fendt-gasdruckfeder\/","name":"Peko Verdeck Fendt Gasdruckfeder | Gastac Gas Spring","isPartOf":{"@id":"https:\/\/www.gastac.com\/de\/#website"},"primaryImageOfPage":{"@id":"https:\/\/www.gastac.com\/de\/produkt\/peko-verdeck-fendt-gasdruckfeder\/#primaryimage"},"image":{"@id":"https:\/\/www.gastac.com\/de\/produkt\/peko-verdeck-fendt-gasdruckfeder\/#primaryimage"},"thumbnailUrl":"https:\/\/www.gastac.com\/wp-content\/uploads\/2025\/11\/gasfeder-dampfer-scaled-1.webp","datePublished":"2025-11-12T05:34:27+00:00","dateModified":"2025-11-12T05:34:28+00:00","breadcrumb":{"@id":"https:\/\/www.gastac.com\/de\/produkt\/peko-verdeck-fendt-gasdruckfeder\/#breadcrumb"},"inLanguage":"de","potentialAction":[{"@type":"ReadAction","target":["https:\/\/www.gastac.com\/de\/produkt\/peko-verdeck-fendt-gasdruckfeder\/"]}]},{"@type":"ImageObject","inLanguage":"de","@id":"https:\/\/www.gastac.com\/de\/produkt\/peko-verdeck-fendt-gasdruckfeder\/#primaryimage","url":"https:\/\/www.gastac.com\/wp-content\/uploads\/2025\/11\/gasfeder-dampfer-scaled-1.webp","contentUrl":"https:\/\/www.gastac.com\/wp-content\/uploads\/2025\/11\/gasfeder-dampfer-scaled-1.webp","width":1600,"height":1200,"caption":"gasfeder dampfer scaled"},{"@type":"BreadcrumbList","@id":"https:\/\/www.gastac.com\/de\/produkt\/peko-verdeck-fendt-gasdruckfeder\/#breadcrumb","itemListElement":[{"@type":"ListItem","position":1,"name":"Home","item":"https:\/\/www.gastac.com\/de\/"},{"@type":"ListItem","position":2,"name":"products","item":"https:\/\/www.gastac.com\/de\/products\/"},{"@type":"ListItem","position":3,"name":"Nicht kategorisiert","item":"https:\/\/www.gastac.com\/de\/product-category\/nicht-kategorisiert\/"},{"@type":"ListItem","position":4,"name":"Peko Verdeck Fendt Gasdruckfeder"}]},{"@type":"WebSite","@id":"https:\/\/www.gastac.com\/de\/#website","url":"https:\/\/www.gastac.com\/de\/","name":"Gastac Gas Spring","description":"China\u2019s Leading Gas Springs &amp; Struts Manufacturer","publisher":{"@id":"https:\/\/www.gastac.com\/de\/#organization"},"potentialAction":[{"@type":"SearchAction","target":{"@type":"EntryPoint","urlTemplate":"https:\/\/www.gastac.com\/de\/?s={search_term_string}"},"query-input":{"@type":"PropertyValueSpecification","valueRequired":true,"valueName":"search_term_string"}}],"inLanguage":"de"},{"@type":"Organization","@id":"https:\/\/www.gastac.com\/de\/#organization","name":"Ningbo Gastac Gas Spring Co.,Ltd","url":"https:\/\/www.gastac.com\/de\/","logo":{"@type":"ImageObject","inLanguage":"de","@id":"https:\/\/www.gastac.com\/de\/#\/schema\/logo\/image\/","url":"https:\/\/www.gastac.com\/wp-content\/uploads\/2025\/09\/LOGO\u672c\u8272-\u9ed1.webp","contentUrl":"https:\/\/www.gastac.com\/wp-content\/uploads\/2025\/09\/LOGO\u672c\u8272-\u9ed1.webp","width":1920,"height":1080,"caption":"Ningbo Gastac Gas Spring Co.,Ltd"},"image":{"@id":"https:\/\/www.gastac.com\/de\/#\/schema\/logo\/image\/"},"sameAs":["https:\/\/www.facebook.com\/profile.php?id=100092358464608","https:\/\/www.youtube.com\/@Gastac-Gas-Spring","https:\/\/www.linkedin.com\/in\/gastac-gas-spring\/","https:\/\/www.instagram.com\/gastacgasspring\/"]}]}},"_links":{"self":[{"href":"https:\/\/www.gastac.com\/de\/wp-json\/wp\/v2\/product\/18594","targetHints":{"allow":["GET"]}}],"collection":[{"href":"https:\/\/www.gastac.com\/de\/wp-json\/wp\/v2\/product"}],"about":[{"href":"https:\/\/www.gastac.com\/de\/wp-json\/wp\/v2\/types\/product"}],"replies":[{"embeddable":true,"href":"https:\/\/www.gastac.com\/de\/wp-json\/wp\/v2\/comments?post=18594"}],"wp:featuredmedia":[{"embeddable":true,"href":"https:\/\/www.gastac.com\/de\/wp-json\/wp\/v2\/media\/18600"}],"wp:attachment":[{"href":"https:\/\/www.gastac.com\/de\/wp-json\/wp\/v2\/media?parent=18594"}],"wp:term":[{"taxonomy":"product_brand","embeddable":true,"href":"https:\/\/www.gastac.com\/de\/wp-json\/wp\/v2\/product_brand?post=18594"},{"taxonomy":"product_cat","embeddable":true,"href":"https:\/\/www.gastac.com\/de\/wp-json\/wp\/v2\/product_cat?post=18594"},{"taxonomy":"product_tag","embeddable":true,"href":"https:\/\/www.gastac.com\/de\/wp-json\/wp\/v2\/product_tag?post=18594"}],"curies":[{"name":"wp","href":"https:\/\/api.w.org\/{rel}","templated":true}]}}