{"id":18591,"date":"2025-11-12T05:27:49","date_gmt":"2025-11-12T05:27:49","guid":{"rendered":"https:\/\/www.gastac.com\/?post_type=product&#038;p=18591"},"modified":"2025-11-12T13:49:49","modified_gmt":"2025-11-12T13:49:49","slug":"gasdruckfeder-fuer-schwere-klappen","status":"publish","type":"product","link":"https:\/\/www.gastac.com\/de\/produkt\/gasdruckfeder-fuer-schwere-klappen\/","title":{"rendered":"Gasdruckfeder f\u00fcr Schwere Klappen"},"content":{"rendered":"<h1>Gasdruckfeder f\u00fcr Schwere Flappen<\/h1>\n<p><span class=\"relative -mx-px my-[-0.2rem] rounded px-px py-[0.2rem] transition-colors duration-100 ease-in-out\" data-immersive-translate-walked=\"93b7c1b6-0141-4152-a616-87876edfacdf\">Die GASTAC Gasdruckfeder bietet zuverl\u00e4ssige Unterst\u00fctzung beim \u00d6ffnen und Schlie\u00dfen schwerer Klappen.<\/span>\u00a0<span class=\"relative -mx-px my-[-0.2rem] rounded px-px py-[0.2rem] transition-colors duration-100 ease-in-out\" data-immersive-translate-walked=\"93b7c1b6-0141-4152-a616-87876edfacdf\">Mit Kr\u00e4ften von 20 N bis 2500 N eignet sie sich ideal f\u00fcr industrielle Anwendungen.<\/span>\u00a0<span class=\"relative -mx-px my-[-0.2rem] rounded px-px py-[0.2rem] transition-colors duration-100 ease-in-out\" data-immersive-translate-walked=\"93b7c1b6-0141-4152-a616-87876edfacdf\">Robuste Materialien gew\u00e4hrleisten Langlebigkeit und hohe Belastbarkeit.<\/span><\/p>\n<h2>Imbisswagen Gasdruckfeder Verkaufsklappe<\/h2>\n<p>Die gasdruckfeder verkaufsklappe wird im Klappenbereich f\u00fcr den Verkauf von Trolleys\/Snackwagen eingesetzt. Zus\u00e4tzlich k\u00f6nnen Sie sich f\u00fcr eine einfach zu montierende Einschubsicherung entscheiden, die ein unbeabsichtigtes Einfahren der gasdruckfeder f\u00fcr schwere klappen verhindert.<\/p>\n<p>Die Gasdruckfedern f\u00fcr schwere Klappen sind durch ihre optimierte Konstruktion bestens f\u00fcr die unterschiedlichen Temperaturbereiche geeignet, die in dieser Anwendung auftreten k\u00f6nnen. Es sind auch Ausf\u00fchrungen mit Ventilen erh\u00e4ltlich, so dass die Spannkraft der Gasdruckfeder f\u00fcr schwere klappen individuell eingestellt werden kann.<br \/>\n<img decoding=\"async\" class=\"lazyload aligncenter\" src=\"data:image\/gif;base64,R0lGODlhAQABAAAAACH5BAEKAAEALAAAAAABAAEAAAICTAEAOw==\" data-orig-src=\"https:\/\/gastac.com\/wp-content\/uploads\/2023\/06\/gasdruckfeder-verkaufsklappe-2.png\" alt=\"Gasdruckfeder f\u00fcr Schwere Klappen\" \/><\/p>\n<h2>Einfache Montage und individuelle Anpassung<\/h2>\n<p><span class=\"relative -mx-px my-[-0.2rem] rounded px-px py-[0.2rem] transition-colors duration-100 ease-in-out\" data-immersive-translate-walked=\"93b7c1b6-0141-4152-a616-87876edfacdf\">Die GASTAC Gasdruckfeder l\u00e4sst sich m\u00fchelos installieren und erfordert minimale Wartung.<\/span>\u00a0<span class=\"relative -mx-px my-[-0.2rem] rounded px-px py-[0.2rem] transition-colors duration-100 ease-in-out\" data-immersive-translate-walked=\"93b7c1b6-0141-4152-a616-87876edfacdf\">Mit Optionen wie Gewindeenden oder angeschwei\u00dften \u00d6sen k\u00f6nnen individuelle Montageanforderungen erf\u00fcllt werden.<\/span><\/p>\n<h2>Anpassbare L\u00f6sungen f\u00fcr spezifische Bed\u00fcrfnisse<\/h2>\n<p><span class=\"relative -mx-px my-[-0.2rem] rounded px-px py-[0.2rem] transition-colors duration-100 ease-in-out\" data-immersive-translate-walked=\"93b7c1b6-0141-4152-a616-87876edfacdf\">F\u00fcr spezielle Anwendungen bietet GASTAC ma\u00dfgeschneiderte L\u00f6sungen an.<\/span>\u00a0<span class=\"relative -mx-px my-[-0.2rem] rounded px-px py-[0.2rem] transition-colors duration-100 ease-in-out\" data-immersive-translate-walked=\"93b7c1b6-0141-4152-a616-87876edfacdf\">Ob blockierbare Gasfedern, Modelle mit Ventilen zur individuellen Kraftanpassung oder spezielle D\u00e4mpfungseigenschaften \u2013 GASTAC entwickelt Produkte, die genau auf Ihre Anforderungen zugeschnitten sind.<\/span><\/p>\n<h2>Vielseitige Einsatzm\u00f6glichkeiten in der Industrie<\/h2>\n<p><span class=\"relative -mx-px my-[-0.2rem] rounded px-px py-[0.2rem] transition-colors duration-100 ease-in-out\" data-immersive-translate-walked=\"93b7c1b6-0141-4152-a616-87876edfacdf\">Ob Maschinenbau, F\u00f6rderanlagen oder Schaltschr\u00e4nke \u2013 die GASTAC Gasdruckfeder passt sich flexibel an.<\/span>\u00a0<span class=\"relative -mx-px my-[-0.2rem] rounded px-px py-[0.2rem] transition-colors duration-100 ease-in-out\" data-immersive-translate-walked=\"93b7c1b6-0141-4152-a616-87876edfacdf\">Dank verschiedener Anschlussarten und Materialien, einschlie\u00dflich Edelstahl, ist sie universell einsetzbar.Die Gasdruckfeder f\u00fcr schwere deckel\u00a0unterst\u00fctzt das \u00d6ffnen und Schlie\u00dfen von Anh\u00e4ngerklappen. \u00c4hnliche Anwendungen finden sich bei Dachboxen, Pferdeanh\u00e4ngern, Laderampen. gasdruckfeder f\u00fcr schwere klappen\u00a0f\u00fcr Motorhauben, Lukendeckel, Klappen, Verankerungen und Badeplattformen in Normalstahl und Edelstahl.\u00a0gasdruckfeder f\u00fcr schwere deckel\u00a0Die schwere deckel unterst\u00fctzt Hubbewegungen in allen maritimen Anwendungen.<\/span><br \/>\n<img class=\"lazyload\" decoding=\"async\" src=\"data:image\/gif;base64,R0lGODlhAQABAAAAACH5BAEKAAEALAAAAAABAAEAAAICTAEAOw==\" data-orig-src=\"https:\/\/www.gastac.com\/wp-content\/uploads\/2023\/06\/gasdruckfeder-fur-deckel-aus-holz-selbstoffnend-400x400.jpg\" alt=\"Gasdruckfeder f\u00fcr Schwere Klappen\" \/><img class=\"lazyload\" decoding=\"async\" src=\"data:image\/gif;base64,R0lGODlhAQABAAAAACH5BAEKAAEALAAAAAABAAEAAAICTAEAOw==\" data-orig-src=\"https:\/\/www.gastac.com\/wp-content\/uploads\/2023\/06\/gasdruckfeder-verkaufsklappe-404x400.png\" alt=\"Gasdruckfeder f\u00fcr Schwere Klappen\" \/><\/p>\n","protected":false},"excerpt":{"rendered":"<p>Gasdruckfeder f\u00fcr Schwere Flappen Die GASTAC Gasdruckfeder bietet zuverl\u00e4ssige Unterst\u00fctzung beim \u00d6ffnen und Schlie\u00dfen schwerer Klappen.\u00a0Mit Kr\u00e4ften von 20 N  [&#8230;]<\/p>\n","protected":false},"featured_media":18593,"comment_status":"open","ping_status":"closed","template":"","meta":[],"product_brand":[],"product_cat":[109],"product_tag":[],"class_list":{"0":"post-18591","1":"product","2":"type-product","3":"status-publish","4":"has-post-thumbnail","6":"product_cat-nicht-kategorisiert","8":"first","9":"instock","10":"shipping-taxable","11":"product-type-simple"},"yoast_head":"<!-- This site is optimized with the Yoast SEO Premium plugin v26.2 (Yoast SEO v27.5) - https:\/\/yoast.com\/product\/yoast-seo-premium-wordpress\/ -->\n<title>Gasdruckfeder f\u00fcr Schwere Klappen | Gastac Gas Spring<\/title>\n<meta name=\"robots\" content=\"index, follow, max-snippet:-1, max-image-preview:large, max-video-preview:-1\" \/>\n<link rel=\"canonical\" href=\"https:\/\/www.gastac.com\/de\/produkt\/gasdruckfeder-fuer-schwere-klappen\/\" \/>\n<meta property=\"og:locale\" content=\"de_DE\" \/>\n<meta property=\"og:type\" content=\"article\" \/>\n<meta property=\"og:title\" content=\"Gasdruckfeder f\u00fcr Schwere Klappen\" \/>\n<meta property=\"og:description\" content=\"Gasdruckfeder f\u00fcr Schwere Flappen Die GASTAC Gasdruckfeder bietet zuverl\u00e4ssige Unterst\u00fctzung beim \u00d6ffnen und Schlie\u00dfen schwerer Klappen.\u00a0Mit Kr\u00e4ften von 20 N [...]\" \/>\n<meta property=\"og:url\" content=\"https:\/\/www.gastac.com\/de\/produkt\/gasdruckfeder-fuer-schwere-klappen\/\" \/>\n<meta property=\"og:site_name\" content=\"Gastac Gas Spring\" \/>\n<meta property=\"article:publisher\" content=\"https:\/\/www.facebook.com\/profile.php?id=100092358464608\" \/>\n<meta property=\"article:modified_time\" content=\"2025-11-12T13:49:49+00:00\" \/>\n<meta property=\"og:image\" content=\"https:\/\/www.gastac.com\/wp-content\/uploads\/2025\/11\/Gasdruckfeder-fur-schwere-klappen.webp\" \/>\n\t<meta property=\"og:image:width\" content=\"225\" \/>\n\t<meta property=\"og:image:height\" content=\"225\" \/>\n\t<meta property=\"og:image:type\" content=\"image\/webp\" \/>\n<meta name=\"twitter:card\" content=\"summary_large_image\" \/>\n<meta name=\"twitter:label1\" content=\"Gesch\u00e4tzte Lesezeit\" \/>\n\t<meta name=\"twitter:data1\" content=\"3\u00a0Minuten\" \/>\n<script type=\"application\/ld+json\" class=\"yoast-schema-graph\">{\"@context\":\"https:\\\/\\\/schema.org\",\"@graph\":[{\"@type\":\"WebPage\",\"@id\":\"https:\\\/\\\/www.gastac.com\\\/de\\\/produkt\\\/gasdruckfeder-fuer-schwere-klappen\\\/\",\"url\":\"https:\\\/\\\/www.gastac.com\\\/de\\\/produkt\\\/gasdruckfeder-fuer-schwere-klappen\\\/\",\"name\":\"Gasdruckfeder f\u00fcr Schwere Klappen | Gastac Gas Spring\",\"isPartOf\":{\"@id\":\"https:\\\/\\\/www.gastac.com\\\/de\\\/#website\"},\"primaryImageOfPage\":{\"@id\":\"https:\\\/\\\/www.gastac.com\\\/de\\\/produkt\\\/gasdruckfeder-fuer-schwere-klappen\\\/#primaryimage\"},\"image\":{\"@id\":\"https:\\\/\\\/www.gastac.com\\\/de\\\/produkt\\\/gasdruckfeder-fuer-schwere-klappen\\\/#primaryimage\"},\"thumbnailUrl\":\"https:\\\/\\\/www.gastac.com\\\/wp-content\\\/uploads\\\/2025\\\/11\\\/Gasdruckfeder-fur-schwere-klappen.webp\",\"datePublished\":\"2025-11-12T05:27:49+00:00\",\"dateModified\":\"2025-11-12T13:49:49+00:00\",\"breadcrumb\":{\"@id\":\"https:\\\/\\\/www.gastac.com\\\/de\\\/produkt\\\/gasdruckfeder-fuer-schwere-klappen\\\/#breadcrumb\"},\"inLanguage\":\"de\",\"potentialAction\":[{\"@type\":\"ReadAction\",\"target\":[\"https:\\\/\\\/www.gastac.com\\\/de\\\/produkt\\\/gasdruckfeder-fuer-schwere-klappen\\\/\"]}]},{\"@type\":\"ImageObject\",\"inLanguage\":\"de\",\"@id\":\"https:\\\/\\\/www.gastac.com\\\/de\\\/produkt\\\/gasdruckfeder-fuer-schwere-klappen\\\/#primaryimage\",\"url\":\"https:\\\/\\\/www.gastac.com\\\/wp-content\\\/uploads\\\/2025\\\/11\\\/Gasdruckfeder-fur-schwere-klappen.webp\",\"contentUrl\":\"https:\\\/\\\/www.gastac.com\\\/wp-content\\\/uploads\\\/2025\\\/11\\\/Gasdruckfeder-fur-schwere-klappen.webp\",\"width\":225,\"height\":225,\"caption\":\"Gasdruckfeder fur schwere klappen\"},{\"@type\":\"BreadcrumbList\",\"@id\":\"https:\\\/\\\/www.gastac.com\\\/de\\\/produkt\\\/gasdruckfeder-fuer-schwere-klappen\\\/#breadcrumb\",\"itemListElement\":[{\"@type\":\"ListItem\",\"position\":1,\"name\":\"Home\",\"item\":\"https:\\\/\\\/www.gastac.com\\\/de\\\/\"},{\"@type\":\"ListItem\",\"position\":2,\"name\":\"products\",\"item\":\"https:\\\/\\\/www.gastac.com\\\/de\\\/products\\\/\"},{\"@type\":\"ListItem\",\"position\":3,\"name\":\"Nicht kategorisiert\",\"item\":\"https:\\\/\\\/www.gastac.com\\\/de\\\/product-category\\\/nicht-kategorisiert\\\/\"},{\"@type\":\"ListItem\",\"position\":4,\"name\":\"Gasdruckfeder f\u00fcr Schwere Klappen\"}]},{\"@type\":\"WebSite\",\"@id\":\"https:\\\/\\\/www.gastac.com\\\/de\\\/#website\",\"url\":\"https:\\\/\\\/www.gastac.com\\\/de\\\/\",\"name\":\"Gastac Gas Spring\",\"description\":\"China\u2019s Leading Gas Springs &amp; Struts Manufacturer\",\"publisher\":{\"@id\":\"https:\\\/\\\/www.gastac.com\\\/de\\\/#organization\"},\"potentialAction\":[{\"@type\":\"SearchAction\",\"target\":{\"@type\":\"EntryPoint\",\"urlTemplate\":\"https:\\\/\\\/www.gastac.com\\\/de\\\/?s={search_term_string}\"},\"query-input\":{\"@type\":\"PropertyValueSpecification\",\"valueRequired\":true,\"valueName\":\"search_term_string\"}}],\"inLanguage\":\"de\"},{\"@type\":\"Organization\",\"@id\":\"https:\\\/\\\/www.gastac.com\\\/de\\\/#organization\",\"name\":\"Ningbo Gastac Gas Spring Co.,Ltd\",\"url\":\"https:\\\/\\\/www.gastac.com\\\/de\\\/\",\"logo\":{\"@type\":\"ImageObject\",\"inLanguage\":\"de\",\"@id\":\"https:\\\/\\\/www.gastac.com\\\/de\\\/#\\\/schema\\\/logo\\\/image\\\/\",\"url\":\"https:\\\/\\\/www.gastac.com\\\/wp-content\\\/uploads\\\/2025\\\/09\\\/LOGO\u672c\u8272-\u9ed1.webp\",\"contentUrl\":\"https:\\\/\\\/www.gastac.com\\\/wp-content\\\/uploads\\\/2025\\\/09\\\/LOGO\u672c\u8272-\u9ed1.webp\",\"width\":1920,\"height\":1080,\"caption\":\"Ningbo Gastac Gas Spring Co.,Ltd\"},\"image\":{\"@id\":\"https:\\\/\\\/www.gastac.com\\\/de\\\/#\\\/schema\\\/logo\\\/image\\\/\"},\"sameAs\":[\"https:\\\/\\\/www.facebook.com\\\/profile.php?id=100092358464608\",\"https:\\\/\\\/www.youtube.com\\\/@Gastac-Gas-Spring\",\"https:\\\/\\\/www.linkedin.com\\\/in\\\/gastac-gas-spring\\\/\",\"https:\\\/\\\/www.instagram.com\\\/gastacgasspring\\\/\"]}]}<\/script>\n<!-- \/ Yoast SEO Premium plugin. -->","yoast_head_json":{"title":"Gasdruckfeder f\u00fcr Schwere Klappen | Gastac Gas Spring","robots":{"index":"index","follow":"follow","max-snippet":"max-snippet:-1","max-image-preview":"max-image-preview:large","max-video-preview":"max-video-preview:-1"},"canonical":"https:\/\/www.gastac.com\/de\/produkt\/gasdruckfeder-fuer-schwere-klappen\/","og_locale":"de_DE","og_type":"article","og_title":"Gasdruckfeder f\u00fcr Schwere Klappen","og_description":"Gasdruckfeder f\u00fcr Schwere Flappen Die GASTAC Gasdruckfeder bietet zuverl\u00e4ssige Unterst\u00fctzung beim \u00d6ffnen und Schlie\u00dfen schwerer Klappen.\u00a0Mit Kr\u00e4ften von 20 N [...]","og_url":"https:\/\/www.gastac.com\/de\/produkt\/gasdruckfeder-fuer-schwere-klappen\/","og_site_name":"Gastac Gas Spring","article_publisher":"https:\/\/www.facebook.com\/profile.php?id=100092358464608","article_modified_time":"2025-11-12T13:49:49+00:00","og_image":[{"width":225,"height":225,"url":"https:\/\/www.gastac.com\/wp-content\/uploads\/2025\/11\/Gasdruckfeder-fur-schwere-klappen.webp","type":"image\/webp"}],"twitter_card":"summary_large_image","twitter_misc":{"Gesch\u00e4tzte Lesezeit":"3\u00a0Minuten"},"schema":{"@context":"https:\/\/schema.org","@graph":[{"@type":"WebPage","@id":"https:\/\/www.gastac.com\/de\/produkt\/gasdruckfeder-fuer-schwere-klappen\/","url":"https:\/\/www.gastac.com\/de\/produkt\/gasdruckfeder-fuer-schwere-klappen\/","name":"Gasdruckfeder f\u00fcr Schwere Klappen | Gastac Gas Spring","isPartOf":{"@id":"https:\/\/www.gastac.com\/de\/#website"},"primaryImageOfPage":{"@id":"https:\/\/www.gastac.com\/de\/produkt\/gasdruckfeder-fuer-schwere-klappen\/#primaryimage"},"image":{"@id":"https:\/\/www.gastac.com\/de\/produkt\/gasdruckfeder-fuer-schwere-klappen\/#primaryimage"},"thumbnailUrl":"https:\/\/www.gastac.com\/wp-content\/uploads\/2025\/11\/Gasdruckfeder-fur-schwere-klappen.webp","datePublished":"2025-11-12T05:27:49+00:00","dateModified":"2025-11-12T13:49:49+00:00","breadcrumb":{"@id":"https:\/\/www.gastac.com\/de\/produkt\/gasdruckfeder-fuer-schwere-klappen\/#breadcrumb"},"inLanguage":"de","potentialAction":[{"@type":"ReadAction","target":["https:\/\/www.gastac.com\/de\/produkt\/gasdruckfeder-fuer-schwere-klappen\/"]}]},{"@type":"ImageObject","inLanguage":"de","@id":"https:\/\/www.gastac.com\/de\/produkt\/gasdruckfeder-fuer-schwere-klappen\/#primaryimage","url":"https:\/\/www.gastac.com\/wp-content\/uploads\/2025\/11\/Gasdruckfeder-fur-schwere-klappen.webp","contentUrl":"https:\/\/www.gastac.com\/wp-content\/uploads\/2025\/11\/Gasdruckfeder-fur-schwere-klappen.webp","width":225,"height":225,"caption":"Gasdruckfeder fur schwere klappen"},{"@type":"BreadcrumbList","@id":"https:\/\/www.gastac.com\/de\/produkt\/gasdruckfeder-fuer-schwere-klappen\/#breadcrumb","itemListElement":[{"@type":"ListItem","position":1,"name":"Home","item":"https:\/\/www.gastac.com\/de\/"},{"@type":"ListItem","position":2,"name":"products","item":"https:\/\/www.gastac.com\/de\/products\/"},{"@type":"ListItem","position":3,"name":"Nicht kategorisiert","item":"https:\/\/www.gastac.com\/de\/product-category\/nicht-kategorisiert\/"},{"@type":"ListItem","position":4,"name":"Gasdruckfeder f\u00fcr Schwere Klappen"}]},{"@type":"WebSite","@id":"https:\/\/www.gastac.com\/de\/#website","url":"https:\/\/www.gastac.com\/de\/","name":"Gastac Gas Spring","description":"China\u2019s Leading Gas Springs &amp; Struts Manufacturer","publisher":{"@id":"https:\/\/www.gastac.com\/de\/#organization"},"potentialAction":[{"@type":"SearchAction","target":{"@type":"EntryPoint","urlTemplate":"https:\/\/www.gastac.com\/de\/?s={search_term_string}"},"query-input":{"@type":"PropertyValueSpecification","valueRequired":true,"valueName":"search_term_string"}}],"inLanguage":"de"},{"@type":"Organization","@id":"https:\/\/www.gastac.com\/de\/#organization","name":"Ningbo Gastac Gas Spring Co.,Ltd","url":"https:\/\/www.gastac.com\/de\/","logo":{"@type":"ImageObject","inLanguage":"de","@id":"https:\/\/www.gastac.com\/de\/#\/schema\/logo\/image\/","url":"https:\/\/www.gastac.com\/wp-content\/uploads\/2025\/09\/LOGO\u672c\u8272-\u9ed1.webp","contentUrl":"https:\/\/www.gastac.com\/wp-content\/uploads\/2025\/09\/LOGO\u672c\u8272-\u9ed1.webp","width":1920,"height":1080,"caption":"Ningbo Gastac Gas Spring Co.,Ltd"},"image":{"@id":"https:\/\/www.gastac.com\/de\/#\/schema\/logo\/image\/"},"sameAs":["https:\/\/www.facebook.com\/profile.php?id=100092358464608","https:\/\/www.youtube.com\/@Gastac-Gas-Spring","https:\/\/www.linkedin.com\/in\/gastac-gas-spring\/","https:\/\/www.instagram.com\/gastacgasspring\/"]}]}},"_links":{"self":[{"href":"https:\/\/www.gastac.com\/de\/wp-json\/wp\/v2\/product\/18591","targetHints":{"allow":["GET"]}}],"collection":[{"href":"https:\/\/www.gastac.com\/de\/wp-json\/wp\/v2\/product"}],"about":[{"href":"https:\/\/www.gastac.com\/de\/wp-json\/wp\/v2\/types\/product"}],"replies":[{"embeddable":true,"href":"https:\/\/www.gastac.com\/de\/wp-json\/wp\/v2\/comments?post=18591"}],"wp:featuredmedia":[{"embeddable":true,"href":"https:\/\/www.gastac.com\/de\/wp-json\/wp\/v2\/media\/18593"}],"wp:attachment":[{"href":"https:\/\/www.gastac.com\/de\/wp-json\/wp\/v2\/media?parent=18591"}],"wp:term":[{"taxonomy":"product_brand","embeddable":true,"href":"https:\/\/www.gastac.com\/de\/wp-json\/wp\/v2\/product_brand?post=18591"},{"taxonomy":"product_cat","embeddable":true,"href":"https:\/\/www.gastac.com\/de\/wp-json\/wp\/v2\/product_cat?post=18591"},{"taxonomy":"product_tag","embeddable":true,"href":"https:\/\/www.gastac.com\/de\/wp-json\/wp\/v2\/product_tag?post=18591"}],"curies":[{"name":"wp","href":"https:\/\/api.w.org\/{rel}","templated":true}]}}