{"id":18560,"date":"2025-11-12T05:15:28","date_gmt":"2025-11-12T05:15:28","guid":{"rendered":"https:\/\/www.gastac.com\/?post_type=product&#038;p=18560"},"modified":"2025-11-12T05:15:48","modified_gmt":"2025-11-12T05:15:48","slug":"gasdruckfeder-mit-verriegelung","status":"publish","type":"product","link":"https:\/\/www.gastac.com\/de\/produkt\/gasdruckfeder-mit-verriegelung\/","title":{"rendered":"Gasdruckfeder Mit Verriegelung"},"content":{"rendered":"<h2>Gasdruckfeder Mit Verriegelung<\/h2>\n<p>Sie wollen eine Gasdruckfeder in jeder beliebigen Position blockieren k\u00f6nnen? Dann brauchen Sie eine gasdruckfeder mit verriegelung.Die blockierbaren Gasdruckfedern der Baureihe gasdruckfeder funktionieren wie herk\u00f6mmliche Gasdruckfedern und verf\u00fcgen \u00fcber ein spezielles internes Sperrventil, das die Gasdruckfeder in jeder Position blockiert.Dieser Verriegelungsmechanismus erlaubt die Bewegung der Strebe nur, wenn der Ausl\u00f6sestift am Ende der Kolbenstange gedr\u00fcckt wird.Dieser Verriegelungsmechanismus erlaubt die Bewegung der Strebe nur, wenn der Ausl\u00f6sestift am Ende der Kolbenstange gedr\u00fcckt wird.<\/p>\n<div style=\"text-align: center;\"><iframe class=\"lazyload\" title=\"YouTube video player\" src=\"data:image\/svg+xml,%3Csvg%20xmlns%3D%27http%3A%2F%2Fwww.w3.org%2F2000%2Fsvg%27%20width%3D%27800%27%20height%3D%27450%27%20viewBox%3D%270%200%20800%20450%27%3E%3Crect%20width%3D%27800%27%20height%3D%27450%27%20fill-opacity%3D%220%22%2F%3E%3C%2Fsvg%3E\" data-orig-src=\"https:\/\/www.youtube.com\/embed\/vvW0HRKcTLg?si=1fcLIN9SncS31q0h\" width=\"800\" height=\"450\" frameborder=\"0\" allowfullscreen=\"allowfullscreen\"><span data-mce-type=\"bookmark\" style=\"display: inline-block; width: 0px; overflow: hidden; line-height: 0;\" class=\"mce_SELRES_start\">\ufeff<\/span><br \/>\n<\/iframe><\/div>\n<div>\n<h2>Wie funktioniert die Gasdruckfeder Mit Verriegelung?<\/h2>\n<p>Eine Gasdruckfeder mit Verriegelung funktioniert wie eine normale Gasfeder, bietet jedoch zus\u00e4tzlich eine mechanische Arretierung. Beim Ausfahren oder Einfahren rastet sie in einer bestimmten Position ein und h\u00e4lt diese sicher \u2013 ideal, wenn eine feste Stellung erforderlich ist. Die Entriegelung erfolgt meist per Knopf oder Hebel.<br \/>\n<img decoding=\"async\" class=\"lazyload aligncenter\" src=\"data:image\/svg+xml,%3Csvg%20xmlns%3D%27http%3A%2F%2Fwww.w3.org%2F2000%2Fsvg%27%20width%3D%27651%27%20height%3D%27366%27%20viewBox%3D%270%200%20651%20366%27%3E%3Crect%20width%3D%27651%27%20height%3D%27366%27%20fill-opacity%3D%220%22%2F%3E%3C%2Fsvg%3E\" data-orig-src=\"https:\/\/gastac.com\/wp-content\/uploads\/2023\/07\/Gasveer-met-Kabelbediening-2.gif\" alt=\"Gasdruckfeder Mit Verriegelung\" width=\"651\" height=\"366\" \/><\/p>\n<h2>Welche Arten von gasdruckfeder mit verriegelung gibt es?<\/h2>\n<div>Vollstarr gasdruckfeder mit verriegelung sind in beiden Richtungen starr.gasdruckfeder arretierbar sind in Einschubrichtung starr. In Auszugsrichtung sind sie bis zu einem gewissen Grad starr.Blockierbare Gasdruckfedern k\u00f6nnen Sie stufenlos in jeder gew\u00fcnschten Position blockieren. Sie k\u00f6nnen in M\u00f6beln eingesetzt werden, zur H\u00f6henverstellung eines Tisches oder zur Verstellung der R\u00fcckenlehne eines Stuhls. Dar\u00fcber hinaus wird die Gasdruckfeder arretierbar h\u00e4ufig im medizinischen Bereich eingesetzt, zum Beispiel in Krankenhausbetten und Rollst\u00fchlen.<\/div>\n<p><img decoding=\"async\" class=\"lazyload aligncenter\" src=\"data:image\/svg+xml,%3Csvg%20xmlns%3D%27http%3A%2F%2Fwww.w3.org%2F2000%2Fsvg%27%20width%3D%27651%27%20height%3D%27366%27%20viewBox%3D%270%200%20651%20366%27%3E%3Crect%20width%3D%27651%27%20height%3D%27366%27%20fill-opacity%3D%220%22%2F%3E%3C%2Fsvg%3E\" data-orig-src=\"https:\/\/www.gastac.com\/wp-content\/uploads\/2024\/08\/Rigid-Locking-in-Compressed-Position-600x200.jpg\" alt=\"Gasdruckfeder Mit Verriegelung\" width=\"651\" height=\"366\" \/><br \/>\n<img decoding=\"async\" class=\"lazyload aligncenter\" src=\"data:image\/svg+xml,%3Csvg%20xmlns%3D%27http%3A%2F%2Fwww.w3.org%2F2000%2Fsvg%27%20width%3D%27651%27%20height%3D%27366%27%20viewBox%3D%270%200%20651%20366%27%3E%3Crect%20width%3D%27651%27%20height%3D%27366%27%20fill-opacity%3D%220%22%2F%3E%3C%2Fsvg%3E\" data-orig-src=\"https:\/\/www.gastac.com\/wp-content\/uploads\/2024\/08\/Rigid-Locking-gas-spring-in-Extended-Position-600x200.jpg\" alt=\"Gasdruckfeder Mit Verriegelung\" width=\"651\" height=\"366\" \/><\/p>\n<div>Gasdruckfeder mit verriegelung arretierbar sind in beiden Richtungen leicht nachgiebig oder federnd.Diese Gasdruckfeder arretierbar kann in jeder Position auf der Hubl\u00e4nge arretiert werden. Die Blockierung bleibt jedoch in beide Richtungen elastisch. Bei Belastung federt die Feder ein wenig auf, kehrt aber in die verriegelte Position zur\u00fcck. Diese Art der Blockierung kann mit der Wirkung einer Feder in einem B\u00fcrostuhlbein verglichen werden.<\/div>\n<p><img decoding=\"async\" class=\"lazyload aligncenter\" src=\"data:image\/svg+xml,%3Csvg%20xmlns%3D%27http%3A%2F%2Fwww.w3.org%2F2000%2Fsvg%27%20width%3D%27651%27%20height%3D%27366%27%20viewBox%3D%270%200%20651%20366%27%3E%3Crect%20width%3D%27651%27%20height%3D%27366%27%20fill-opacity%3D%220%22%2F%3E%3C%2Fsvg%3E\" data-orig-src=\"https:\/\/www.gastac.com\/wp-content\/uploads\/2024\/08\/Elastic-locking-gas-spring-2-600x200.jpg\" alt=\"Gasdruckfeder Mit Verriegelung\" width=\"651\" height=\"366\" \/><\/p>\n<div>H\u00e4ufige Anwendungen f\u00fcr die Gasdruckfeder Mit Verriegelung sind die H\u00f6hen- und Neigungsverstellung von Sitzen in Flugzeugen, Bussen, Z\u00fcgen, Sonderfahrzeugen und Milit\u00e4rfahrzeugen. Sie werden auch zur Lenkverstellung von Krankenhausbetten, Physiotherapiebetten und Rollst\u00fchlen sowie B\u00fcrotischerh\u00f6hungen eingesetzt. Starre blockierende Gasfedern k\u00f6nnen in vielen verschiedenen Anwendungen in den unterschiedlichsten Branchen eingesetzt werden, der Fantasie des Designers sind keine Grenzen gesetzt!<\/div>\n<\/div>\n<div>\n<h2>Gr\u00f6\u00dfentabelle f\u00fcr Gasdruckfedern<\/h2>\n<p>GASTAC misst den Gasdurchfluss pr\u00e4zise mit modernen Pr\u00fcfsystemen unter realen Bedingungen. Zudem stellt GASTAC\u00a0<strong data-start=\"111\" data-end=\"141\" data-immersive-translate-walked=\"284cf176-922f-4701-9f84-9a57be8c4c53\">Standard-Gasflussdiagramme<\/strong>\u00a0bereit, die den Durchfluss in Relation zu Druck und Temperatur zeigen. So erhalten Kunden klare Daten zur Auswahl und Anwendung der passenden Gasfederl\u00f6sung.<br \/>\n<img decoding=\"async\" class=\"lazyload aligncenter\" src=\"data:image\/gif;base64,R0lGODlhAQABAAAAACH5BAEKAAEALAAAAAABAAEAAAICTAEAOw==\" data-orig-src=\"https:\/\/www.gastac.com\/wp-content\/uploads\/2023\/06\/BLOCKLIFT-OBT-For-Over-Bed-Table-600x184.jpg\" alt=\"Gasdruckfeder Mit Verriegelung\" \/><br \/>\n<img decoding=\"async\" class=\"lazyload aligncenter\" src=\"data:image\/gif;base64,R0lGODlhAQABAAAAACH5BAEKAAEALAAAAAABAAEAAAICTAEAOw==\" data-orig-src=\"https:\/\/www.gastac.com\/wp-content\/uploads\/2023\/06\/gas-strut-size-chart-800x328.jpg\" alt=\"Gasdruckfeder Mit Verriegelung\" \/><\/p>\n<h2>Wie sicher sind Gasdruckfedern?<\/h2>\n<div>Gasdruckfedern sind sicher, da sie in robusten Zylindern versiegelt sind, um das unter Druck stehende Gas sicher einzuschlie\u00dfen. Dank ihrer gleichm\u00e4\u00dfigen Kraftverteilung bieten sie eine kontrollierte Bewegung. Regelm\u00e4\u00dfige Wartung und korrekte Installation erh\u00f6hen die Zuverl\u00e4ssigkeit und Langlebigkeit.<\/div>\n<p>&nbsp;<\/p>\n<h2>Wie lange h\u00e4lt eine Gasdruckfeder?<\/h2>\n<div>Die Lebensdauer einer Gasdruckfeder h\u00e4ngt von Nutzung und Umgebung ab, liegt aber typischerweise zwischen 30.000 und 100.000 Zyklen. Regelm\u00e4\u00dfige Beanspruchung, extreme Temperaturen oder mangelnde Wartung k\u00f6nnen sie verk\u00fcrzen. Bei normalem Gebrauch h\u00e4lt sie oft mehrere Jahre und bleibt zuverl\u00e4ssig funktionsf\u00e4hig.<\/div>\n<p>&nbsp;<\/p>\n<h2>Gasdruckfede Anwendung<\/h2>\n<p><img decoding=\"async\" class=\"lazyload aligncenter\" src=\"data:image\/svg+xml,%3Csvg%20xmlns%3D%27http%3A%2F%2Fwww.w3.org%2F2000%2Fsvg%27%20width%3D%27692%27%20height%3D%27602%27%20viewBox%3D%270%200%20692%20602%27%3E%3Crect%20width%3D%27692%27%20height%3D%27602%27%20fill-opacity%3D%220%22%2F%3E%3C%2Fsvg%3E\" data-orig-src=\"https:\/\/www.gastac.com\/wp-content\/uploads\/2023\/06\/Gasdruckfeder-Mit-Arretierung-Anwendung-919x800.jpg\" alt=\"Gasdruckfeder Mit Verriegelung\" width=\"692\" height=\"602\" \/><\/p>\n<\/div>\n<div>\n<div><\/div>\n<\/div>\n<div><\/div>\n<p>&nbsp;<\/p>\n","protected":false},"excerpt":{"rendered":"<p>Gasdruckfeder Mit Verriegelung Sie wollen eine Gasdruckfeder in jeder beliebigen Position blockieren k\u00f6nnen? Dann brauchen Sie eine gasdruckfeder mit verriegelung.Die  [&#8230;]<\/p>\n","protected":false},"featured_media":18569,"comment_status":"open","ping_status":"closed","template":"","meta":[],"product_brand":[],"product_cat":[109],"product_tag":[],"class_list":{"0":"post-18560","1":"product","2":"type-product","3":"status-publish","4":"has-post-thumbnail","6":"product_cat-nicht-kategorisiert","8":"first","9":"instock","10":"shipping-taxable","11":"product-type-simple"},"yoast_head":"<!-- This site is optimized with the Yoast SEO Premium plugin v26.2 (Yoast SEO v27.5) - https:\/\/yoast.com\/product\/yoast-seo-premium-wordpress\/ -->\n<title>Gasdruckfeder Mit Verriegelung | Gastac Gas Spring<\/title>\n<meta name=\"robots\" content=\"index, follow, max-snippet:-1, max-image-preview:large, max-video-preview:-1\" \/>\n<link rel=\"canonical\" href=\"https:\/\/www.gastac.com\/de\/produkt\/gasdruckfeder-mit-verriegelung\/\" \/>\n<meta property=\"og:locale\" content=\"de_DE\" \/>\n<meta property=\"og:type\" content=\"article\" \/>\n<meta property=\"og:title\" content=\"Gasdruckfeder Mit Verriegelung\" \/>\n<meta property=\"og:description\" content=\"Gasdruckfeder Mit Verriegelung Sie wollen eine Gasdruckfeder in jeder beliebigen Position blockieren k\u00f6nnen? Dann brauchen Sie eine gasdruckfeder mit verriegelung.Die [...]\" \/>\n<meta property=\"og:url\" content=\"https:\/\/www.gastac.com\/de\/produkt\/gasdruckfeder-mit-verriegelung\/\" \/>\n<meta property=\"og:site_name\" content=\"Gastac Gas Spring\" \/>\n<meta property=\"article:publisher\" content=\"https:\/\/www.facebook.com\/profile.php?id=100092358464608\" \/>\n<meta property=\"article:modified_time\" content=\"2025-11-12T05:15:48+00:00\" \/>\n<meta property=\"og:image\" content=\"https:\/\/www.gastac.com\/wp-content\/uploads\/2025\/11\/Gasdruckfeder-Mit-Verriegelung-2-600x600-1.webp\" \/>\n\t<meta property=\"og:image:width\" content=\"600\" \/>\n\t<meta property=\"og:image:height\" content=\"600\" \/>\n\t<meta property=\"og:image:type\" content=\"image\/webp\" \/>\n<meta name=\"twitter:card\" content=\"summary_large_image\" \/>\n<meta name=\"twitter:label1\" content=\"Gesch\u00e4tzte Lesezeit\" \/>\n\t<meta name=\"twitter:data1\" content=\"5\u00a0Minuten\" \/>\n<script type=\"application\/ld+json\" class=\"yoast-schema-graph\">{\"@context\":\"https:\\\/\\\/schema.org\",\"@graph\":[{\"@type\":\"WebPage\",\"@id\":\"https:\\\/\\\/www.gastac.com\\\/de\\\/produkt\\\/gasdruckfeder-mit-verriegelung\\\/\",\"url\":\"https:\\\/\\\/www.gastac.com\\\/de\\\/produkt\\\/gasdruckfeder-mit-verriegelung\\\/\",\"name\":\"Gasdruckfeder Mit Verriegelung | Gastac Gas Spring\",\"isPartOf\":{\"@id\":\"https:\\\/\\\/www.gastac.com\\\/de\\\/#website\"},\"primaryImageOfPage\":{\"@id\":\"https:\\\/\\\/www.gastac.com\\\/de\\\/produkt\\\/gasdruckfeder-mit-verriegelung\\\/#primaryimage\"},\"image\":{\"@id\":\"https:\\\/\\\/www.gastac.com\\\/de\\\/produkt\\\/gasdruckfeder-mit-verriegelung\\\/#primaryimage\"},\"thumbnailUrl\":\"https:\\\/\\\/www.gastac.com\\\/wp-content\\\/uploads\\\/2025\\\/11\\\/Gasdruckfeder-Mit-Verriegelung-2-600x600-1.webp\",\"datePublished\":\"2025-11-12T05:15:28+00:00\",\"dateModified\":\"2025-11-12T05:15:48+00:00\",\"breadcrumb\":{\"@id\":\"https:\\\/\\\/www.gastac.com\\\/de\\\/produkt\\\/gasdruckfeder-mit-verriegelung\\\/#breadcrumb\"},\"inLanguage\":\"de\",\"potentialAction\":[{\"@type\":\"ReadAction\",\"target\":[\"https:\\\/\\\/www.gastac.com\\\/de\\\/produkt\\\/gasdruckfeder-mit-verriegelung\\\/\"]}]},{\"@type\":\"ImageObject\",\"inLanguage\":\"de\",\"@id\":\"https:\\\/\\\/www.gastac.com\\\/de\\\/produkt\\\/gasdruckfeder-mit-verriegelung\\\/#primaryimage\",\"url\":\"https:\\\/\\\/www.gastac.com\\\/wp-content\\\/uploads\\\/2025\\\/11\\\/Gasdruckfeder-Mit-Verriegelung-2-600x600-1.webp\",\"contentUrl\":\"https:\\\/\\\/www.gastac.com\\\/wp-content\\\/uploads\\\/2025\\\/11\\\/Gasdruckfeder-Mit-Verriegelung-2-600x600-1.webp\",\"width\":600,\"height\":600,\"caption\":\"Gasdruckfeder Mit Verriegelung 2 600x600\"},{\"@type\":\"BreadcrumbList\",\"@id\":\"https:\\\/\\\/www.gastac.com\\\/de\\\/produkt\\\/gasdruckfeder-mit-verriegelung\\\/#breadcrumb\",\"itemListElement\":[{\"@type\":\"ListItem\",\"position\":1,\"name\":\"Home\",\"item\":\"https:\\\/\\\/www.gastac.com\\\/de\\\/\"},{\"@type\":\"ListItem\",\"position\":2,\"name\":\"products\",\"item\":\"https:\\\/\\\/www.gastac.com\\\/de\\\/products\\\/\"},{\"@type\":\"ListItem\",\"position\":3,\"name\":\"Nicht kategorisiert\",\"item\":\"https:\\\/\\\/www.gastac.com\\\/de\\\/product-category\\\/nicht-kategorisiert\\\/\"},{\"@type\":\"ListItem\",\"position\":4,\"name\":\"Gasdruckfeder Mit Verriegelung\"}]},{\"@type\":\"WebSite\",\"@id\":\"https:\\\/\\\/www.gastac.com\\\/de\\\/#website\",\"url\":\"https:\\\/\\\/www.gastac.com\\\/de\\\/\",\"name\":\"Gastac Gas Spring\",\"description\":\"China\u2019s Leading Gas Springs &amp; Struts Manufacturer\",\"publisher\":{\"@id\":\"https:\\\/\\\/www.gastac.com\\\/de\\\/#organization\"},\"potentialAction\":[{\"@type\":\"SearchAction\",\"target\":{\"@type\":\"EntryPoint\",\"urlTemplate\":\"https:\\\/\\\/www.gastac.com\\\/de\\\/?s={search_term_string}\"},\"query-input\":{\"@type\":\"PropertyValueSpecification\",\"valueRequired\":true,\"valueName\":\"search_term_string\"}}],\"inLanguage\":\"de\"},{\"@type\":\"Organization\",\"@id\":\"https:\\\/\\\/www.gastac.com\\\/de\\\/#organization\",\"name\":\"Ningbo Gastac Gas Spring Co.,Ltd\",\"url\":\"https:\\\/\\\/www.gastac.com\\\/de\\\/\",\"logo\":{\"@type\":\"ImageObject\",\"inLanguage\":\"de\",\"@id\":\"https:\\\/\\\/www.gastac.com\\\/de\\\/#\\\/schema\\\/logo\\\/image\\\/\",\"url\":\"https:\\\/\\\/www.gastac.com\\\/wp-content\\\/uploads\\\/2025\\\/09\\\/LOGO\u672c\u8272-\u9ed1.webp\",\"contentUrl\":\"https:\\\/\\\/www.gastac.com\\\/wp-content\\\/uploads\\\/2025\\\/09\\\/LOGO\u672c\u8272-\u9ed1.webp\",\"width\":1920,\"height\":1080,\"caption\":\"Ningbo Gastac Gas Spring Co.,Ltd\"},\"image\":{\"@id\":\"https:\\\/\\\/www.gastac.com\\\/de\\\/#\\\/schema\\\/logo\\\/image\\\/\"},\"sameAs\":[\"https:\\\/\\\/www.facebook.com\\\/profile.php?id=100092358464608\",\"https:\\\/\\\/www.youtube.com\\\/@Gastac-Gas-Spring\",\"https:\\\/\\\/www.linkedin.com\\\/in\\\/gastac-gas-spring\\\/\",\"https:\\\/\\\/www.instagram.com\\\/gastacgasspring\\\/\"]}]}<\/script>\n<!-- \/ Yoast SEO Premium plugin. -->","yoast_head_json":{"title":"Gasdruckfeder Mit Verriegelung | Gastac Gas Spring","robots":{"index":"index","follow":"follow","max-snippet":"max-snippet:-1","max-image-preview":"max-image-preview:large","max-video-preview":"max-video-preview:-1"},"canonical":"https:\/\/www.gastac.com\/de\/produkt\/gasdruckfeder-mit-verriegelung\/","og_locale":"de_DE","og_type":"article","og_title":"Gasdruckfeder Mit Verriegelung","og_description":"Gasdruckfeder Mit Verriegelung Sie wollen eine Gasdruckfeder in jeder beliebigen Position blockieren k\u00f6nnen? Dann brauchen Sie eine gasdruckfeder mit verriegelung.Die [...]","og_url":"https:\/\/www.gastac.com\/de\/produkt\/gasdruckfeder-mit-verriegelung\/","og_site_name":"Gastac Gas Spring","article_publisher":"https:\/\/www.facebook.com\/profile.php?id=100092358464608","article_modified_time":"2025-11-12T05:15:48+00:00","og_image":[{"width":600,"height":600,"url":"https:\/\/www.gastac.com\/wp-content\/uploads\/2025\/11\/Gasdruckfeder-Mit-Verriegelung-2-600x600-1.webp","type":"image\/webp"}],"twitter_card":"summary_large_image","twitter_misc":{"Gesch\u00e4tzte Lesezeit":"5\u00a0Minuten"},"schema":{"@context":"https:\/\/schema.org","@graph":[{"@type":"WebPage","@id":"https:\/\/www.gastac.com\/de\/produkt\/gasdruckfeder-mit-verriegelung\/","url":"https:\/\/www.gastac.com\/de\/produkt\/gasdruckfeder-mit-verriegelung\/","name":"Gasdruckfeder Mit Verriegelung | Gastac Gas Spring","isPartOf":{"@id":"https:\/\/www.gastac.com\/de\/#website"},"primaryImageOfPage":{"@id":"https:\/\/www.gastac.com\/de\/produkt\/gasdruckfeder-mit-verriegelung\/#primaryimage"},"image":{"@id":"https:\/\/www.gastac.com\/de\/produkt\/gasdruckfeder-mit-verriegelung\/#primaryimage"},"thumbnailUrl":"https:\/\/www.gastac.com\/wp-content\/uploads\/2025\/11\/Gasdruckfeder-Mit-Verriegelung-2-600x600-1.webp","datePublished":"2025-11-12T05:15:28+00:00","dateModified":"2025-11-12T05:15:48+00:00","breadcrumb":{"@id":"https:\/\/www.gastac.com\/de\/produkt\/gasdruckfeder-mit-verriegelung\/#breadcrumb"},"inLanguage":"de","potentialAction":[{"@type":"ReadAction","target":["https:\/\/www.gastac.com\/de\/produkt\/gasdruckfeder-mit-verriegelung\/"]}]},{"@type":"ImageObject","inLanguage":"de","@id":"https:\/\/www.gastac.com\/de\/produkt\/gasdruckfeder-mit-verriegelung\/#primaryimage","url":"https:\/\/www.gastac.com\/wp-content\/uploads\/2025\/11\/Gasdruckfeder-Mit-Verriegelung-2-600x600-1.webp","contentUrl":"https:\/\/www.gastac.com\/wp-content\/uploads\/2025\/11\/Gasdruckfeder-Mit-Verriegelung-2-600x600-1.webp","width":600,"height":600,"caption":"Gasdruckfeder Mit Verriegelung 2 600x600"},{"@type":"BreadcrumbList","@id":"https:\/\/www.gastac.com\/de\/produkt\/gasdruckfeder-mit-verriegelung\/#breadcrumb","itemListElement":[{"@type":"ListItem","position":1,"name":"Home","item":"https:\/\/www.gastac.com\/de\/"},{"@type":"ListItem","position":2,"name":"products","item":"https:\/\/www.gastac.com\/de\/products\/"},{"@type":"ListItem","position":3,"name":"Nicht kategorisiert","item":"https:\/\/www.gastac.com\/de\/product-category\/nicht-kategorisiert\/"},{"@type":"ListItem","position":4,"name":"Gasdruckfeder Mit Verriegelung"}]},{"@type":"WebSite","@id":"https:\/\/www.gastac.com\/de\/#website","url":"https:\/\/www.gastac.com\/de\/","name":"Gastac Gas Spring","description":"China\u2019s Leading Gas Springs &amp; Struts Manufacturer","publisher":{"@id":"https:\/\/www.gastac.com\/de\/#organization"},"potentialAction":[{"@type":"SearchAction","target":{"@type":"EntryPoint","urlTemplate":"https:\/\/www.gastac.com\/de\/?s={search_term_string}"},"query-input":{"@type":"PropertyValueSpecification","valueRequired":true,"valueName":"search_term_string"}}],"inLanguage":"de"},{"@type":"Organization","@id":"https:\/\/www.gastac.com\/de\/#organization","name":"Ningbo Gastac Gas Spring Co.,Ltd","url":"https:\/\/www.gastac.com\/de\/","logo":{"@type":"ImageObject","inLanguage":"de","@id":"https:\/\/www.gastac.com\/de\/#\/schema\/logo\/image\/","url":"https:\/\/www.gastac.com\/wp-content\/uploads\/2025\/09\/LOGO\u672c\u8272-\u9ed1.webp","contentUrl":"https:\/\/www.gastac.com\/wp-content\/uploads\/2025\/09\/LOGO\u672c\u8272-\u9ed1.webp","width":1920,"height":1080,"caption":"Ningbo Gastac Gas Spring Co.,Ltd"},"image":{"@id":"https:\/\/www.gastac.com\/de\/#\/schema\/logo\/image\/"},"sameAs":["https:\/\/www.facebook.com\/profile.php?id=100092358464608","https:\/\/www.youtube.com\/@Gastac-Gas-Spring","https:\/\/www.linkedin.com\/in\/gastac-gas-spring\/","https:\/\/www.instagram.com\/gastacgasspring\/"]}]}},"_links":{"self":[{"href":"https:\/\/www.gastac.com\/de\/wp-json\/wp\/v2\/product\/18560","targetHints":{"allow":["GET"]}}],"collection":[{"href":"https:\/\/www.gastac.com\/de\/wp-json\/wp\/v2\/product"}],"about":[{"href":"https:\/\/www.gastac.com\/de\/wp-json\/wp\/v2\/types\/product"}],"replies":[{"embeddable":true,"href":"https:\/\/www.gastac.com\/de\/wp-json\/wp\/v2\/comments?post=18560"}],"wp:featuredmedia":[{"embeddable":true,"href":"https:\/\/www.gastac.com\/de\/wp-json\/wp\/v2\/media\/18569"}],"wp:attachment":[{"href":"https:\/\/www.gastac.com\/de\/wp-json\/wp\/v2\/media?parent=18560"}],"wp:term":[{"taxonomy":"product_brand","embeddable":true,"href":"https:\/\/www.gastac.com\/de\/wp-json\/wp\/v2\/product_brand?post=18560"},{"taxonomy":"product_cat","embeddable":true,"href":"https:\/\/www.gastac.com\/de\/wp-json\/wp\/v2\/product_cat?post=18560"},{"taxonomy":"product_tag","embeddable":true,"href":"https:\/\/www.gastac.com\/de\/wp-json\/wp\/v2\/product_tag?post=18560"}],"curies":[{"name":"wp","href":"https:\/\/api.w.org\/{rel}","templated":true}]}}